{"id":14139,"date":"2025-06-02T11:56:25","date_gmt":"2025-06-02T09:56:25","guid":{"rendered":"https:\/\/liangxin.es\/?post_type=product&#038;p=14139"},"modified":"2025-06-05T09:56:58","modified_gmt":"2025-06-05T07:56:58","slug":"promocion-un-verano-liang-xin","status":"publish","type":"product","link":"https:\/\/liangxin.es\/index.php\/product\/promocion-un-verano-liang-xin\/","title":{"rendered":"Un verano Liang Xin"},"content":{"rendered":"<p>[et_pb_section fb_built=\u00bb1&#8243; _builder_version=\u00bb4.21.0&#8243; background_color=\u00bbRGBA(255,255,255,0)\u00bb transform_scale=\u00bb100%|100%\u00bb width=\u00bb90%\u00bb module_alignment=\u00bbcenter\u00bb custom_padding=\u00bb0px||||false|false\u00bb border_color_all=\u00bbRGBA(255,255,255,0)\u00bb global_colors_info=\u00bb{}\u00bb][et_pb_row _builder_version=\u00bb4.16&#8243; background_size=\u00bbinitial\u00bb background_position=\u00bbtop_left\u00bb background_repeat=\u00bbrepeat\u00bb width=\u00bb100%\u00bb custom_padding=\u00bb0px||0px||false|false\u00bb global_colors_info=\u00bb{}\u00bb][et_pb_column type=\u00bb4_4&#8243; _builder_version=\u00bb4.16&#8243; custom_padding=\u00bb|||\u00bb global_colors_info=\u00bb{}\u00bb custom_padding__hover=\u00bb|||\u00bb][et_pb_wc_breadcrumb _builder_version=\u00bb4.21.0&#8243; body_text_color=\u00bbgcid-408fdfa7-763c-4691-9fc3-657e57a2e0b8&#8243; body_font_size=\u00bb1em\u00bb global_colors_info=\u00bb{%22gcid-408fdfa7-763c-4691-9fc3-657e57a2e0b8%22:%91%22body_text_color%22%93}\u00bb][\/et_pb_wc_breadcrumb][et_pb_wc_cart_notice _builder_version=\u00bb4.21.0&#8243; title_text_color=\u00bbgcid-84dacd09-7f21-46c8-863a-e1fced2e54a3&#8243; background_color=\u00bbRGBA(255,255,255,0)\u00bb custom_button=\u00bbon\u00bb button_text_color=\u00bbgcid-84dacd09-7f21-46c8-863a-e1fced2e54a3&#8243; button_bg_color=\u00bbgcid-4633b59a-f8da-4d27-9f24-692b2cce2214&#8243; button_border_width=\u00bb0.1em\u00bb button_border_color=\u00bbgcid-22587e86-034d-4ead-b174-6fed638f7581&#8243; button_border_radius=\u00bb0px\u00bb global_colors_info=\u00bb{%22gcid-84dacd09-7f21-46c8-863a-e1fced2e54a3%22:%91%22title_text_color%22,%22button_text_color%22%93,%22gcid-4633b59a-f8da-4d27-9f24-692b2cce2214%22:%91%22button_bg_color%22%93,%22gcid-22587e86-034d-4ead-b174-6fed638f7581%22:%91%22button_border_color%22%93}\u00bb][\/et_pb_wc_cart_notice][\/et_pb_column][\/et_pb_row][et_pb_row column_structure=\u00bb1_2,1_2&#8243; _builder_version=\u00bb4.16&#8243; background_size=\u00bbinitial\u00bb background_position=\u00bbtop_left\u00bb background_repeat=\u00bbrepeat\u00bb width=\u00bb100%\u00bb custom_padding=\u00bb0px||||false|false\u00bb global_colors_info=\u00bb{}\u00bb][et_pb_column type=\u00bb1_2&#8243; _builder_version=\u00bb4.16&#8243; custom_padding=\u00bb|||\u00bb global_colors_info=\u00bb{}\u00bb custom_padding__hover=\u00bb|||\u00bb][et_pb_wc_images _builder_version=\u00bb4.16&#8243; global_colors_info=\u00bb{}\u00bb][\/et_pb_wc_images][\/et_pb_column][et_pb_column type=\u00bb1_2&#8243; _builder_version=\u00bb4.16&#8243; custom_padding=\u00bb|||\u00bb global_colors_info=\u00bb{}\u00bb custom_padding__hover=\u00bb|||\u00bb][et_pb_wc_title _builder_version=\u00bb4.16&#8243; global_colors_info=\u00bb{}\u00bb][\/et_pb_wc_title][et_pb_wc_rating _builder_version=\u00bb4.21.0&#8243; rating_text_color=\u00bbgcid-22587e86-034d-4ead-b174-6fed638f7581&#8243; body_text_color=\u00bbgcid-84dacd09-7f21-46c8-863a-e1fced2e54a3&#8243; global_colors_info=\u00bb{%22gcid-84dacd09-7f21-46c8-863a-e1fced2e54a3%22:%91%22body_text_color%22%93,%22gcid-22587e86-034d-4ead-b174-6fed638f7581%22:%91%22rating_text_color%22%93}\u00bb][\/et_pb_wc_rating][et_pb_wc_price _builder_version=\u00bb4.21.0&#8243; body_text_color=\u00bbgcid-408fdfa7-763c-4691-9fc3-657e57a2e0b8&#8243; global_colors_info=\u00bb{%22gcid-408fdfa7-763c-4691-9fc3-657e57a2e0b8%22:%91%22body_text_color%22%93}\u00bb][\/et_pb_wc_price][et_pb_wc_description _builder_version=\u00bb4.21.0&#8243; body_line_height=\u00bb1.5em\u00bb global_colors_info=\u00bb{}\u00bb][\/et_pb_wc_description][et_pb_wc_add_to_cart _builder_version=\u00bb4.21.0&#8243; custom_button=\u00bbon\u00bb button_text_color=\u00bbgcid-84dacd09-7f21-46c8-863a-e1fced2e54a3&#8243; button_bg_color=\u00bbgcid-4633b59a-f8da-4d27-9f24-692b2cce2214&#8243; button_border_width=\u00bb0.1em\u00bb button_border_color=\u00bbgcid-22587e86-034d-4ead-b174-6fed638f7581&#8243; global_colors_info=\u00bb{%22gcid-22587e86-034d-4ead-b174-6fed638f7581%22:%91%22button_border_color%22%93,%22gcid-4633b59a-f8da-4d27-9f24-692b2cce2214%22:%91%22button_bg_color%22%93,%22gcid-84dacd09-7f21-46c8-863a-e1fced2e54a3%22:%91%22button_text_color%22%93}\u00bb][\/et_pb_wc_add_to_cart][et_pb_text _builder_version=\u00bb4.21.0&#8243; _module_preset=\u00bbdefault\u00bb global_colors_info=\u00bb{}\u00bb]<em>Solo para productos con la opci\u00f3n \u201cpara regalar\u201d: si la persona a la que vas a hacer el obsequio no tiene correo electr\u00f3nico puedes poner el tuyo. Y si quieres que preparemos una tarjeta regalo puedes solicitarla en el tel\u00e9fono 976 248 315 indicando el c\u00f3digo asignado y canjearla en las instalaciones de Liang Xin.\u00a0<\/em> <em>El pack \u00abluna de miel\u00bb se presenta en caja regalo, por lo que es necesario llamar al mismo n\u00famero telef\u00f3nico para solicitar su preparaci\u00f3n.\u00a0<\/em> [\/et_pb_text][\/et_pb_column][\/et_pb_row][et_pb_row _builder_version=\u00bb4.21.0&#8243; background_size=\u00bbinitial\u00bb background_position=\u00bbtop_left\u00bb background_repeat=\u00bbrepeat\u00bb width=\u00bb100%\u00bb border_color_all=\u00bbRGBA(255,255,255,0)\u00bb global_colors_info=\u00bb{}\u00bb][et_pb_column type=\u00bb4_4&#8243; _builder_version=\u00bb4.21.0&#8243; custom_padding=\u00bb|||\u00bb border_color_all=\u00bbRGBA(255,255,255,0)\u00bb global_colors_info=\u00bb{}\u00bb custom_padding__hover=\u00bb|||\u00bb][et_pb_wc_tabs include_tabs=\u00bb|reviews\u00bb _builder_version=\u00bb4.21.0&#8243; body_text_color=\u00bbgcid-84dacd09-7f21-46c8-863a-e1fced2e54a3&#8243; body_font_size=\u00bb1em\u00bb border_width_all=\u00bb0px\u00bb border_color_all=\u00bbRGBA(255,255,255,0)\u00bb global_colors_info=\u00bb{%22gcid-84dacd09-7f21-46c8-863a-e1fced2e54a3%22:%91%22body_text_color%22%93}\u00bb] [\/et_pb_wc_tabs][et_pb_wc_upsells _builder_version=\u00bb4.16&#8243; global_colors_info=\u00bb{}\u00bb][\/et_pb_wc_upsells][\/et_pb_column][\/et_pb_row][\/et_pb_section]<\/p>\n","protected":false},"excerpt":{"rendered":"<div class=\"et_pb_module et_pb_wc_description et_pb_wc_description_0_tb_body et_pb_bg_layout_light et_pb_text_align_left\">\n<div class=\"et_pb_module_inner\">\n<p style=\"font-weight: 400;\"><strong>60&#8242; Masaje Balin\u00e9s + 40&#8242; masaje Facial Natural<br \/>\n<\/strong><\/p>\n<p style=\"font-weight: 400;\"><strong>Masaje Balin\u00e9s<\/strong><\/p>\n<p style=\"font-weight: 400;\">El masaje balin\u00e9s combina varias t\u00e9cnicas de masaje asi\u00e1ticas, como son la acupresi\u00f3n china, la reflexolog\u00eda y el masaje ayurv\u00e9dico. Se realiza con aceites arom\u00e1ticos y se caracteriza por aplicar movimientos profundos, presiones y amasamientos r\u00edtmicos.<\/p>\n<p style=\"font-weight: 400;\">Este masaje alivia el estr\u00e9s y la tensi\u00f3n muscular; mejora la circulaci\u00f3n, y gracias a los aceites esenciales, deja la piel nutrida y suave.<\/p>\n<p style=\"font-weight: 400;\"><strong>El tratamiento Facial Natural<\/strong><\/p>\n<p style=\"font-weight: 400;\">Comienza por una limpieza\u00a0profunda del rostro, contin\u00faa con un\u00a0masaje\u00a0relajante realizado con movimientos suaves y envolventes en cara, escote, cr\u00e1neo y zona alta de la espalda para alcanzar una sensaci\u00f3n de relajaci\u00f3n profunda. Finalizar el tratamiento con una\u00a0mascarilla\u00a0de pepino que proporciona la reparaci\u00f3n e hidrataci\u00f3n que necesita el rostro. El resultado de este tratamiento es una piel mucho m\u00e1s suave, hidratada y llena de luminosidad.<\/p>\n<p style=\"font-weight: 400;\">Nota: el ba\u00f1o de pies est\u00e1 incluido en el tiempo de masaje<\/p>\n<\/div>\n<\/div>\n","protected":false},"featured_media":14163,"template":"","meta":{"_et_pb_use_builder":"on","_et_pb_old_content":"<p style=\"font-weight: 400\"><strong>Masaje Balin\u00e9s<\/strong><\/p>\r\n<p style=\"font-weight: 400\">El masaje balin\u00e9s combina varias t\u00e9cnicas de masaje asi\u00e1ticas, como son la acupresi\u00f3n china, la reflexolog\u00eda y el masaje ayurv\u00e9dico. Se realiza con aceites arom\u00e1ticos y se caracteriza por aplicar movimientos profundos, presiones y amasamientos r\u00edtmicos.<\/p>\r\n<p style=\"font-weight: 400\">Este masaje alivia el estr\u00e9s y la tensi\u00f3n muscular; mejora la circulaci\u00f3n, y gracias a los aceites esenciales, deja la piel nutrida y suave.<\/p>\r\n<p style=\"font-weight: 400\"><strong>El tratamiento Facial Natural<\/strong><\/p>\r\n<p style=\"font-weight: 400\">Comienza por una limpieza\u00a0profunda del rostro, contin\u00faa con un\u00a0masaje\u00a0relajante realizado con movimientos suaves y envolventes en cara, escote, cr\u00e1neo y zona alta de la espalda para alcanzar una sensaci\u00f3n de relajaci\u00f3n profunda. Finalizar el tratamiento con una\u00a0<strong>mascarilla<\/strong>\u00a0de pepino que proporciona la reparaci\u00f3n e hidrataci\u00f3n que necesita el rostro. El resultado de este tratamiento es una piel mucho m\u00e1s suave, hidratada y llena de luminosidad.<\/p>\r\n<p style=\"font-weight: 400\">Nota: el ba\u00f1o de pies est\u00e1 incluido en el tiempo de masaje<\/p>","_et_gb_content_width":""},"product_brand":[],"product_cat":[50],"product_tag":[],"giftcard-category":[],"class_list":{"0":"post-14139","1":"product","2":"type-product","3":"status-publish","4":"has-post-thumbnail","6":"product_cat-verano","8":"first","9":"instock","10":"taxable","11":"shipping-taxable","12":"purchasable","13":"product-type-simple"},"yoast_head":"<!-- This site is optimized with the Yoast SEO plugin v27.4 - https:\/\/yoast.com\/product\/yoast-seo-wordpress\/ -->\n<title>Promoci\u00f3n Un verano Liang Xin<\/title>\n<meta name=\"description\" content=\"El bono m\u00e1s completo de Liang Xin. Disfruta de 6 sesiones de masaje de 90minutos con hasta un 50% de descuento en cada uno.\" \/>\n<meta name=\"robots\" content=\"index, follow, max-snippet:-1, max-image-preview:large, max-video-preview:-1\" \/>\n<link rel=\"canonical\" href=\"https:\/\/liangxin.es\/index.php\/product\/promocion-un-verano-liang-xin\/\" \/>\n<meta property=\"og:locale\" content=\"es_ES\" \/>\n<meta property=\"og:type\" content=\"article\" \/>\n<meta property=\"og:title\" content=\"Promoci\u00f3n Un verano Liang Xin\" \/>\n<meta property=\"og:description\" content=\"El bono m\u00e1s completo de Liang Xin. Disfruta de 6 sesiones de masaje de 90minutos con hasta un 50% de descuento en cada uno.\" \/>\n<meta property=\"og:url\" content=\"https:\/\/liangxin.es\/index.php\/product\/promocion-un-verano-liang-xin\/\" \/>\n<meta property=\"og:site_name\" content=\"Liang Xin\" \/>\n<meta property=\"article:modified_time\" content=\"2025-06-05T07:56:58+00:00\" \/>\n<meta property=\"og:image\" content=\"https:\/\/liangxin.es\/wp-content\/uploads\/2025\/06\/Mesa-de-trabajo-1-copia-14.webp\" \/>\n\t<meta property=\"og:image:width\" content=\"765\" \/>\n\t<meta property=\"og:image:height\" content=\"765\" \/>\n\t<meta property=\"og:image:type\" content=\"image\/webp\" \/>\n<meta name=\"twitter:card\" content=\"summary_large_image\" \/>\n<meta name=\"twitter:label1\" content=\"Tiempo de lectura\" \/>\n\t<meta name=\"twitter:data1\" content=\"2 minutos\" \/>\n<script type=\"application\/ld+json\" class=\"yoast-schema-graph\">{\"@context\":\"https:\\\/\\\/schema.org\",\"@graph\":[{\"@type\":\"WebPage\",\"@id\":\"https:\\\/\\\/liangxin.es\\\/index.php\\\/product\\\/promocion-un-verano-liang-xin\\\/\",\"url\":\"https:\\\/\\\/liangxin.es\\\/index.php\\\/product\\\/promocion-un-verano-liang-xin\\\/\",\"name\":\"Promoci\u00f3n Un verano Liang Xin\",\"isPartOf\":{\"@id\":\"https:\\\/\\\/liangxin.es\\\/#website\"},\"primaryImageOfPage\":{\"@id\":\"https:\\\/\\\/liangxin.es\\\/index.php\\\/product\\\/promocion-un-verano-liang-xin\\\/#primaryimage\"},\"image\":{\"@id\":\"https:\\\/\\\/liangxin.es\\\/index.php\\\/product\\\/promocion-un-verano-liang-xin\\\/#primaryimage\"},\"thumbnailUrl\":\"https:\\\/\\\/liangxin.es\\\/wp-content\\\/uploads\\\/2025\\\/06\\\/Mesa-de-trabajo-1-copia-14.webp\",\"datePublished\":\"2025-06-02T09:56:25+00:00\",\"dateModified\":\"2025-06-05T07:56:58+00:00\",\"description\":\"El bono m\u00e1s completo de Liang Xin. Disfruta de 6 sesiones de masaje de 90minutos con hasta un 50% de descuento en cada uno.\",\"breadcrumb\":{\"@id\":\"https:\\\/\\\/liangxin.es\\\/index.php\\\/product\\\/promocion-un-verano-liang-xin\\\/#breadcrumb\"},\"inLanguage\":\"es\",\"potentialAction\":[{\"@type\":\"ReadAction\",\"target\":[\"https:\\\/\\\/liangxin.es\\\/index.php\\\/product\\\/promocion-un-verano-liang-xin\\\/\"]}]},{\"@type\":\"ImageObject\",\"inLanguage\":\"es\",\"@id\":\"https:\\\/\\\/liangxin.es\\\/index.php\\\/product\\\/promocion-un-verano-liang-xin\\\/#primaryimage\",\"url\":\"https:\\\/\\\/liangxin.es\\\/wp-content\\\/uploads\\\/2025\\\/06\\\/Mesa-de-trabajo-1-copia-14.webp\",\"contentUrl\":\"https:\\\/\\\/liangxin.es\\\/wp-content\\\/uploads\\\/2025\\\/06\\\/Mesa-de-trabajo-1-copia-14.webp\",\"width\":765,\"height\":765},{\"@type\":\"BreadcrumbList\",\"@id\":\"https:\\\/\\\/liangxin.es\\\/index.php\\\/product\\\/promocion-un-verano-liang-xin\\\/#breadcrumb\",\"itemListElement\":[{\"@type\":\"ListItem\",\"position\":1,\"name\":\"Home\",\"item\":\"https:\\\/\\\/liangxin.es\\\/\"},{\"@type\":\"ListItem\",\"position\":2,\"name\":\"Liang Xin Home\",\"item\":\"https:\\\/\\\/liangxin.es\\\/\"},{\"@type\":\"ListItem\",\"position\":3,\"name\":\"Un verano Liang Xin\"}]},{\"@type\":\"WebSite\",\"@id\":\"https:\\\/\\\/liangxin.es\\\/#website\",\"url\":\"https:\\\/\\\/liangxin.es\\\/\",\"name\":\"Liang Xin\",\"description\":\"Liang Xin masajes y tratamientos\",\"publisher\":{\"@id\":\"https:\\\/\\\/liangxin.es\\\/#organization\"},\"alternateName\":\"Liang Xin\",\"potentialAction\":[{\"@type\":\"SearchAction\",\"target\":{\"@type\":\"EntryPoint\",\"urlTemplate\":\"https:\\\/\\\/liangxin.es\\\/?s={search_term_string}\"},\"query-input\":{\"@type\":\"PropertyValueSpecification\",\"valueRequired\":true,\"valueName\":\"search_term_string\"}}],\"inLanguage\":\"es\"},{\"@type\":\"Organization\",\"@id\":\"https:\\\/\\\/liangxin.es\\\/#organization\",\"name\":\"Liang Xin\",\"url\":\"https:\\\/\\\/liangxin.es\\\/\",\"logo\":{\"@type\":\"ImageObject\",\"inLanguage\":\"es\",\"@id\":\"https:\\\/\\\/liangxin.es\\\/#\\\/schema\\\/logo\\\/image\\\/\",\"url\":\"https:\\\/\\\/liangxin.es\\\/wp-content\\\/uploads\\\/2023\\\/09\\\/cropped-LiangXing_logo.png\",\"contentUrl\":\"https:\\\/\\\/liangxin.es\\\/wp-content\\\/uploads\\\/2023\\\/09\\\/cropped-LiangXing_logo.png\",\"width\":512,\"height\":512,\"caption\":\"Liang Xin\"},\"image\":{\"@id\":\"https:\\\/\\\/liangxin.es\\\/#\\\/schema\\\/logo\\\/image\\\/\"}}]}<\/script>\n<!-- \/ Yoast SEO plugin. -->","yoast_head_json":{"title":"Promoci\u00f3n Un verano Liang Xin","description":"El bono m\u00e1s completo de Liang Xin. Disfruta de 6 sesiones de masaje de 90minutos con hasta un 50% de descuento en cada uno.","robots":{"index":"index","follow":"follow","max-snippet":"max-snippet:-1","max-image-preview":"max-image-preview:large","max-video-preview":"max-video-preview:-1"},"canonical":"https:\/\/liangxin.es\/index.php\/product\/promocion-un-verano-liang-xin\/","og_locale":"es_ES","og_type":"article","og_title":"Promoci\u00f3n Un verano Liang Xin","og_description":"El bono m\u00e1s completo de Liang Xin. Disfruta de 6 sesiones de masaje de 90minutos con hasta un 50% de descuento en cada uno.","og_url":"https:\/\/liangxin.es\/index.php\/product\/promocion-un-verano-liang-xin\/","og_site_name":"Liang Xin","article_modified_time":"2025-06-05T07:56:58+00:00","og_image":[{"width":765,"height":765,"url":"https:\/\/liangxin.es\/wp-content\/uploads\/2025\/06\/Mesa-de-trabajo-1-copia-14.webp","type":"image\/webp"}],"twitter_card":"summary_large_image","twitter_misc":{"Tiempo de lectura":"2 minutos"},"schema":{"@context":"https:\/\/schema.org","@graph":[{"@type":"WebPage","@id":"https:\/\/liangxin.es\/index.php\/product\/promocion-un-verano-liang-xin\/","url":"https:\/\/liangxin.es\/index.php\/product\/promocion-un-verano-liang-xin\/","name":"Promoci\u00f3n Un verano Liang Xin","isPartOf":{"@id":"https:\/\/liangxin.es\/#website"},"primaryImageOfPage":{"@id":"https:\/\/liangxin.es\/index.php\/product\/promocion-un-verano-liang-xin\/#primaryimage"},"image":{"@id":"https:\/\/liangxin.es\/index.php\/product\/promocion-un-verano-liang-xin\/#primaryimage"},"thumbnailUrl":"https:\/\/liangxin.es\/wp-content\/uploads\/2025\/06\/Mesa-de-trabajo-1-copia-14.webp","datePublished":"2025-06-02T09:56:25+00:00","dateModified":"2025-06-05T07:56:58+00:00","description":"El bono m\u00e1s completo de Liang Xin. Disfruta de 6 sesiones de masaje de 90minutos con hasta un 50% de descuento en cada uno.","breadcrumb":{"@id":"https:\/\/liangxin.es\/index.php\/product\/promocion-un-verano-liang-xin\/#breadcrumb"},"inLanguage":"es","potentialAction":[{"@type":"ReadAction","target":["https:\/\/liangxin.es\/index.php\/product\/promocion-un-verano-liang-xin\/"]}]},{"@type":"ImageObject","inLanguage":"es","@id":"https:\/\/liangxin.es\/index.php\/product\/promocion-un-verano-liang-xin\/#primaryimage","url":"https:\/\/liangxin.es\/wp-content\/uploads\/2025\/06\/Mesa-de-trabajo-1-copia-14.webp","contentUrl":"https:\/\/liangxin.es\/wp-content\/uploads\/2025\/06\/Mesa-de-trabajo-1-copia-14.webp","width":765,"height":765},{"@type":"BreadcrumbList","@id":"https:\/\/liangxin.es\/index.php\/product\/promocion-un-verano-liang-xin\/#breadcrumb","itemListElement":[{"@type":"ListItem","position":1,"name":"Home","item":"https:\/\/liangxin.es\/"},{"@type":"ListItem","position":2,"name":"Liang Xin Home","item":"https:\/\/liangxin.es\/"},{"@type":"ListItem","position":3,"name":"Un verano Liang Xin"}]},{"@type":"WebSite","@id":"https:\/\/liangxin.es\/#website","url":"https:\/\/liangxin.es\/","name":"Liang Xin","description":"Liang Xin masajes y tratamientos","publisher":{"@id":"https:\/\/liangxin.es\/#organization"},"alternateName":"Liang Xin","potentialAction":[{"@type":"SearchAction","target":{"@type":"EntryPoint","urlTemplate":"https:\/\/liangxin.es\/?s={search_term_string}"},"query-input":{"@type":"PropertyValueSpecification","valueRequired":true,"valueName":"search_term_string"}}],"inLanguage":"es"},{"@type":"Organization","@id":"https:\/\/liangxin.es\/#organization","name":"Liang Xin","url":"https:\/\/liangxin.es\/","logo":{"@type":"ImageObject","inLanguage":"es","@id":"https:\/\/liangxin.es\/#\/schema\/logo\/image\/","url":"https:\/\/liangxin.es\/wp-content\/uploads\/2023\/09\/cropped-LiangXing_logo.png","contentUrl":"https:\/\/liangxin.es\/wp-content\/uploads\/2023\/09\/cropped-LiangXing_logo.png","width":512,"height":512,"caption":"Liang Xin"},"image":{"@id":"https:\/\/liangxin.es\/#\/schema\/logo\/image\/"}}]}},"_links":{"self":[{"href":"https:\/\/liangxin.es\/index.php\/wp-json\/wp\/v2\/product\/14139","targetHints":{"allow":["GET"]}}],"collection":[{"href":"https:\/\/liangxin.es\/index.php\/wp-json\/wp\/v2\/product"}],"about":[{"href":"https:\/\/liangxin.es\/index.php\/wp-json\/wp\/v2\/types\/product"}],"wp:featuredmedia":[{"embeddable":true,"href":"https:\/\/liangxin.es\/index.php\/wp-json\/wp\/v2\/media\/14163"}],"wp:attachment":[{"href":"https:\/\/liangxin.es\/index.php\/wp-json\/wp\/v2\/media?parent=14139"}],"wp:term":[{"taxonomy":"product_brand","embeddable":true,"href":"https:\/\/liangxin.es\/index.php\/wp-json\/wp\/v2\/product_brand?post=14139"},{"taxonomy":"product_cat","embeddable":true,"href":"https:\/\/liangxin.es\/index.php\/wp-json\/wp\/v2\/product_cat?post=14139"},{"taxonomy":"product_tag","embeddable":true,"href":"https:\/\/liangxin.es\/index.php\/wp-json\/wp\/v2\/product_tag?post=14139"},{"taxonomy":"giftcard-category","embeddable":true,"href":"https:\/\/liangxin.es\/index.php\/wp-json\/wp\/v2\/giftcard-category?post=14139"}],"curies":[{"name":"wp","href":"https:\/\/api.w.org\/{rel}","templated":true}]}}