{"id":1417,"date":"2023-10-17T08:31:22","date_gmt":"2023-10-17T08:31:22","guid":{"rendered":"https:\/\/liangxin.es\/?post_type=product&#038;p=1417"},"modified":"2025-12-01T08:14:29","modified_gmt":"2025-12-01T07:14:29","slug":"masaje-chino-con-aceite","status":"publish","type":"product","link":"https:\/\/liangxin.es\/index.php\/product\/masaje-chino-con-aceite\/","title":{"rendered":"Masaje chino y acupresi\u00f3n con aceite"},"content":{"rendered":"<p>[et_pb_section fb_built=\u00bb1&#8243; _builder_version=\u00bb4.21.0&#8243; background_color=\u00bbRGBA(255,255,255,0)\u00bb transform_scale=\u00bb100%|100%\u00bb width=\u00bb90%\u00bb module_alignment=\u00bbcenter\u00bb custom_padding=\u00bb0px||||false|false\u00bb border_color_all=\u00bbRGBA(255,255,255,0)\u00bb global_colors_info=\u00bb{}\u00bb][et_pb_row _builder_version=\u00bb4.16&#8243; background_size=\u00bbinitial\u00bb background_position=\u00bbtop_left\u00bb background_repeat=\u00bbrepeat\u00bb width=\u00bb100%\u00bb custom_padding=\u00bb0px||0px||false|false\u00bb global_colors_info=\u00bb{}\u00bb][et_pb_column type=\u00bb4_4&#8243; _builder_version=\u00bb4.16&#8243; custom_padding=\u00bb|||\u00bb global_colors_info=\u00bb{}\u00bb custom_padding__hover=\u00bb|||\u00bb][et_pb_wc_breadcrumb _builder_version=\u00bb4.21.0&#8243; body_text_color=\u00bbgcid-408fdfa7-763c-4691-9fc3-657e57a2e0b8&#8243; body_font_size=\u00bb1em\u00bb global_colors_info=\u00bb{%22gcid-408fdfa7-763c-4691-9fc3-657e57a2e0b8%22:%91%22body_text_color%22%93}\u00bb][\/et_pb_wc_breadcrumb][et_pb_wc_cart_notice _builder_version=\u00bb4.21.0&#8243; title_text_color=\u00bbgcid-84dacd09-7f21-46c8-863a-e1fced2e54a3&#8243; background_color=\u00bbRGBA(255,255,255,0)\u00bb custom_button=\u00bbon\u00bb button_text_color=\u00bbgcid-84dacd09-7f21-46c8-863a-e1fced2e54a3&#8243; button_bg_color=\u00bbgcid-4633b59a-f8da-4d27-9f24-692b2cce2214&#8243; button_border_width=\u00bb0.1em\u00bb button_border_color=\u00bbgcid-22587e86-034d-4ead-b174-6fed638f7581&#8243; button_border_radius=\u00bb0px\u00bb global_colors_info=\u00bb{%22gcid-84dacd09-7f21-46c8-863a-e1fced2e54a3%22:%91%22title_text_color%22,%22button_text_color%22%93,%22gcid-4633b59a-f8da-4d27-9f24-692b2cce2214%22:%91%22button_bg_color%22%93,%22gcid-22587e86-034d-4ead-b174-6fed638f7581%22:%91%22button_border_color%22%93}\u00bb][\/et_pb_wc_cart_notice][\/et_pb_column][\/et_pb_row][et_pb_row column_structure=\u00bb1_2,1_2&#8243; _builder_version=\u00bb4.16&#8243; background_size=\u00bbinitial\u00bb background_position=\u00bbtop_left\u00bb background_repeat=\u00bbrepeat\u00bb width=\u00bb100%\u00bb custom_padding=\u00bb0px||||false|false\u00bb global_colors_info=\u00bb{}\u00bb][et_pb_column type=\u00bb1_2&#8243; _builder_version=\u00bb4.16&#8243; custom_padding=\u00bb|||\u00bb global_colors_info=\u00bb{}\u00bb custom_padding__hover=\u00bb|||\u00bb][et_pb_wc_images _builder_version=\u00bb4.16&#8243; global_colors_info=\u00bb{}\u00bb][\/et_pb_wc_images][\/et_pb_column][et_pb_column type=\u00bb1_2&#8243; _builder_version=\u00bb4.16&#8243; custom_padding=\u00bb|||\u00bb global_colors_info=\u00bb{}\u00bb custom_padding__hover=\u00bb|||\u00bb][et_pb_wc_title _builder_version=\u00bb4.16&#8243; global_colors_info=\u00bb{}\u00bb][\/et_pb_wc_title][et_pb_wc_rating _builder_version=\u00bb4.21.0&#8243; rating_text_color=\u00bbgcid-22587e86-034d-4ead-b174-6fed638f7581&#8243; body_text_color=\u00bbgcid-84dacd09-7f21-46c8-863a-e1fced2e54a3&#8243; global_colors_info=\u00bb{%22gcid-84dacd09-7f21-46c8-863a-e1fced2e54a3%22:%91%22body_text_color%22%93,%22gcid-22587e86-034d-4ead-b174-6fed638f7581%22:%91%22rating_text_color%22%93}\u00bb][\/et_pb_wc_rating][et_pb_wc_price _builder_version=\u00bb4.27.2&#8243; body_text_color=\u00bbgcid-408fdfa7-763c-4691-9fc3-657e57a2e0b8&#8243; global_colors_info=\u00bb{%22gcid-408fdfa7-763c-4691-9fc3-657e57a2e0b8%22:%91%22body_text_color%22%93}\u00bb][\/et_pb_wc_price][et_pb_wc_description _builder_version=\u00bb4.21.0&#8243; body_line_height=\u00bb1.5em\u00bb global_colors_info=\u00bb{}\u00bb][\/et_pb_wc_description][et_pb_wc_add_to_cart _builder_version=\u00bb4.21.0&#8243; custom_button=\u00bbon\u00bb button_text_color=\u00bbgcid-84dacd09-7f21-46c8-863a-e1fced2e54a3&#8243; button_bg_color=\u00bbgcid-4633b59a-f8da-4d27-9f24-692b2cce2214&#8243; button_border_width=\u00bb0.1em\u00bb button_border_color=\u00bbgcid-22587e86-034d-4ead-b174-6fed638f7581&#8243; global_colors_info=\u00bb{%22gcid-22587e86-034d-4ead-b174-6fed638f7581%22:%91%22button_border_color%22%93,%22gcid-4633b59a-f8da-4d27-9f24-692b2cce2214%22:%91%22button_bg_color%22%93,%22gcid-84dacd09-7f21-46c8-863a-e1fced2e54a3%22:%91%22button_text_color%22%93}\u00bb][\/et_pb_wc_add_to_cart][et_pb_text _builder_version=\u00bb4.27.4&#8243; _module_preset=\u00bbdefault\u00bb global_colors_info=\u00bb{}\u00bb]<\/p>\n<p><em>Solo para productos con la opci\u00f3n \u201cpara regalar\u201d: si la persona a la que vas a hacer el obsequio no tiene correo electr\u00f3nico puedes poner el tuyo. Y si quieres que preparemos una tarjeta regalo puedes solicitarla en el tel\u00e9fono 976 248 315 indicando el c\u00f3digo asignado y canjearla en las instalaciones de Liang Xin.\u00a0<\/em><em>\u00a0<\/em><\/p>\n<p>[\/et_pb_text][\/et_pb_column][\/et_pb_row][et_pb_row _builder_version=\u00bb4.21.0&#8243; background_size=\u00bbinitial\u00bb background_position=\u00bbtop_left\u00bb background_repeat=\u00bbrepeat\u00bb width=\u00bb100%\u00bb border_color_all=\u00bbRGBA(255,255,255,0)\u00bb global_colors_info=\u00bb{}\u00bb][et_pb_column type=\u00bb4_4&#8243; _builder_version=\u00bb4.21.0&#8243; custom_padding=\u00bb|||\u00bb border_color_all=\u00bbRGBA(255,255,255,0)\u00bb global_colors_info=\u00bb{}\u00bb custom_padding__hover=\u00bb|||\u00bb][et_pb_wc_tabs include_tabs=\u00bb|reviews\u00bb _builder_version=\u00bb4.21.0&#8243; body_text_color=\u00bbgcid-84dacd09-7f21-46c8-863a-e1fced2e54a3&#8243; body_font_size=\u00bb1em\u00bb border_width_all=\u00bb0px\u00bb border_color_all=\u00bbRGBA(255,255,255,0)\u00bb global_colors_info=\u00bb{%22gcid-84dacd09-7f21-46c8-863a-e1fced2e54a3%22:%91%22body_text_color%22%93}\u00bb]\t\t\t\t\t[\/et_pb_wc_tabs][et_pb_wc_upsells _builder_version=\u00bb4.16&#8243; global_colors_info=\u00bb{}\u00bb][\/et_pb_wc_upsells][\/et_pb_column][\/et_pb_row][\/et_pb_section]<\/p>\n","protected":false},"excerpt":{"rendered":"<p>El masaje de acupresi\u00f3n con aceite, tambi\u00e9n conocido como masaje relajante, es una\u00a0<strong>t\u00e9cnica tradicional asi\u00e1tica.<\/strong>\u00a0En\u00a0<a href=\"https:\/\/www.liangxin.es\/\">Liang Xin<\/a>\u00a0realizamos este masaje con las manos\u00a0<strong>ejerciendo presi\u00f3n en determinados puntos del cuerpo<\/strong>. Es una pr\u00e1ctica excelente para las personas que padecen dolores causados por contracturas.\u00a0<strong>Relaja los m\u00fasculos y ayuda a liberar la tensi\u00f3n acumulada<\/strong>.<\/p>\n<p>Esta sesi\u00f3n sigue el mismo principio que el de la acupresi\u00f3n, aunque en este caso con la aplicaci\u00f3n de\u00a0<strong>aceites naturales<\/strong>\u00a0lo convierte en un\u00a0<strong>masaje<\/strong>\u00a0mucho m\u00e1s\u00a0<strong>relajante<\/strong>. Es una experiencia que\u00a0<strong>canaliza y desbloquea la energ\u00eda proporcionando un estado de equilibrio y armon\u00eda.<\/strong>\u00a0Con la aplicaci\u00f3n de los aceites naturales se ofrece una sensaci\u00f3n \u00fanica que deja la piel hidratada y un estado de relajaci\u00f3n total.<\/p>\n","protected":false},"featured_media":0,"template":"","meta":{"_et_pb_use_builder":"on","_et_pb_old_content":"El masaje de acupresi\u00f3n con aceite, tambi\u00e9n conocido como masaje relajante, es una\u00a0<strong>t\u00e9cnica tradicional asi\u00e1tica.<\/strong>\u00a0En\u00a0<a href=\"https:\/\/www.liangxin.es\/\">Liang Xin<\/a>\u00a0realizamos este masaje con las manos\u00a0<strong>ejerciendo presi\u00f3n en determinados puntos del cuerpo<\/strong>. Es una pr\u00e1ctica excelente para las personas que padecen dolores causados por contracturas.\u00a0<strong>Relaja los m\u00fasculos y ayuda a liberar la tensi\u00f3n acumulada<\/strong>.\r\n\r\nEsta sesi\u00f3n sigue el mismo principio que el de la acupresi\u00f3n, aunque en este caso con la aplicaci\u00f3n de\u00a0<strong>aceites naturales<\/strong>\u00a0lo convierte en un\u00a0<strong>masaje<\/strong>\u00a0mucho m\u00e1s\u00a0<strong>relajante<\/strong>. Es una experiencia que\u00a0<strong>canaliza y desbloquea la energ\u00eda proporcionando un estado de equilibrio y armon\u00eda.<\/strong>\u00a0Con la aplicaci\u00f3n de los aceites naturales se ofrece una sensaci\u00f3n \u00fanica que deja la piel hidratada y un estado de relajaci\u00f3n total.","_et_gb_content_width":""},"product_brand":[],"product_cat":[23],"product_tag":[],"giftcard-category":[],"class_list":{"0":"post-1417","1":"product","2":"type-product","3":"status-publish","5":"product_cat-masajes","7":"first","8":"instock","9":"taxable","10":"shipping-taxable","11":"purchasable","12":"product-type-variable"},"yoast_head":"<!-- This site is optimized with the Yoast SEO plugin v27.4 - https:\/\/yoast.com\/product\/yoast-seo-wordpress\/ -->\n<title>Masaje chino y acupresi\u00f3n con aceite - Liang Xin<\/title>\n<meta name=\"description\" content=\"El masaje de acupresi\u00f3n con aceite, tambi\u00e9n conocido como masaje relajante, es una t\u00e9cnica tradicional asi\u00e1tica.\" \/>\n<meta name=\"robots\" content=\"index, follow, max-snippet:-1, max-image-preview:large, max-video-preview:-1\" \/>\n<link rel=\"canonical\" href=\"https:\/\/liangxin.es\/index.php\/product\/masaje-chino-con-aceite\/\" \/>\n<meta property=\"og:locale\" content=\"es_ES\" \/>\n<meta property=\"og:type\" content=\"article\" \/>\n<meta property=\"og:title\" content=\"Masaje chino y acupresi\u00f3n con aceite - Liang Xin\" \/>\n<meta property=\"og:description\" content=\"El masaje de acupresi\u00f3n con aceite, tambi\u00e9n conocido como masaje relajante, es una t\u00e9cnica tradicional asi\u00e1tica.\" \/>\n<meta property=\"og:url\" content=\"https:\/\/liangxin.es\/index.php\/product\/masaje-chino-con-aceite\/\" \/>\n<meta property=\"og:site_name\" content=\"Liang Xin\" \/>\n<meta property=\"article:modified_time\" content=\"2025-12-01T07:14:29+00:00\" \/>\n<meta name=\"twitter:card\" content=\"summary_large_image\" \/>\n<meta name=\"twitter:label1\" content=\"Tiempo de lectura\" \/>\n\t<meta name=\"twitter:data1\" content=\"2 minutos\" \/>\n<script type=\"application\/ld+json\" class=\"yoast-schema-graph\">{\"@context\":\"https:\\\/\\\/schema.org\",\"@graph\":[{\"@type\":\"WebPage\",\"@id\":\"https:\\\/\\\/liangxin.es\\\/index.php\\\/product\\\/masaje-chino-con-aceite\\\/\",\"url\":\"https:\\\/\\\/liangxin.es\\\/index.php\\\/product\\\/masaje-chino-con-aceite\\\/\",\"name\":\"Masaje chino y acupresi\u00f3n con aceite - Liang Xin\",\"isPartOf\":{\"@id\":\"https:\\\/\\\/liangxin.es\\\/#website\"},\"datePublished\":\"2023-10-17T08:31:22+00:00\",\"dateModified\":\"2025-12-01T07:14:29+00:00\",\"description\":\"El masaje de acupresi\u00f3n con aceite, tambi\u00e9n conocido como masaje relajante, es una t\u00e9cnica tradicional asi\u00e1tica.\",\"breadcrumb\":{\"@id\":\"https:\\\/\\\/liangxin.es\\\/index.php\\\/product\\\/masaje-chino-con-aceite\\\/#breadcrumb\"},\"inLanguage\":\"es\",\"potentialAction\":[{\"@type\":\"ReadAction\",\"target\":[\"https:\\\/\\\/liangxin.es\\\/index.php\\\/product\\\/masaje-chino-con-aceite\\\/\"]}]},{\"@type\":\"BreadcrumbList\",\"@id\":\"https:\\\/\\\/liangxin.es\\\/index.php\\\/product\\\/masaje-chino-con-aceite\\\/#breadcrumb\",\"itemListElement\":[{\"@type\":\"ListItem\",\"position\":1,\"name\":\"Home\",\"item\":\"https:\\\/\\\/liangxin.es\\\/\"},{\"@type\":\"ListItem\",\"position\":2,\"name\":\"Liang Xin Home\",\"item\":\"https:\\\/\\\/liangxin.es\\\/\"},{\"@type\":\"ListItem\",\"position\":3,\"name\":\"Masaje chino y acupresi\u00f3n con aceite\"}]},{\"@type\":\"WebSite\",\"@id\":\"https:\\\/\\\/liangxin.es\\\/#website\",\"url\":\"https:\\\/\\\/liangxin.es\\\/\",\"name\":\"Liang Xin\",\"description\":\"Liang Xin masajes y tratamientos\",\"publisher\":{\"@id\":\"https:\\\/\\\/liangxin.es\\\/#organization\"},\"alternateName\":\"Liang Xin\",\"potentialAction\":[{\"@type\":\"SearchAction\",\"target\":{\"@type\":\"EntryPoint\",\"urlTemplate\":\"https:\\\/\\\/liangxin.es\\\/?s={search_term_string}\"},\"query-input\":{\"@type\":\"PropertyValueSpecification\",\"valueRequired\":true,\"valueName\":\"search_term_string\"}}],\"inLanguage\":\"es\"},{\"@type\":\"Organization\",\"@id\":\"https:\\\/\\\/liangxin.es\\\/#organization\",\"name\":\"Liang Xin\",\"url\":\"https:\\\/\\\/liangxin.es\\\/\",\"logo\":{\"@type\":\"ImageObject\",\"inLanguage\":\"es\",\"@id\":\"https:\\\/\\\/liangxin.es\\\/#\\\/schema\\\/logo\\\/image\\\/\",\"url\":\"https:\\\/\\\/liangxin.es\\\/wp-content\\\/uploads\\\/2023\\\/09\\\/cropped-LiangXing_logo.png\",\"contentUrl\":\"https:\\\/\\\/liangxin.es\\\/wp-content\\\/uploads\\\/2023\\\/09\\\/cropped-LiangXing_logo.png\",\"width\":512,\"height\":512,\"caption\":\"Liang Xin\"},\"image\":{\"@id\":\"https:\\\/\\\/liangxin.es\\\/#\\\/schema\\\/logo\\\/image\\\/\"}}]}<\/script>\n<!-- \/ Yoast SEO plugin. -->","yoast_head_json":{"title":"Masaje chino y acupresi\u00f3n con aceite - Liang Xin","description":"El masaje de acupresi\u00f3n con aceite, tambi\u00e9n conocido como masaje relajante, es una t\u00e9cnica tradicional asi\u00e1tica.","robots":{"index":"index","follow":"follow","max-snippet":"max-snippet:-1","max-image-preview":"max-image-preview:large","max-video-preview":"max-video-preview:-1"},"canonical":"https:\/\/liangxin.es\/index.php\/product\/masaje-chino-con-aceite\/","og_locale":"es_ES","og_type":"article","og_title":"Masaje chino y acupresi\u00f3n con aceite - Liang Xin","og_description":"El masaje de acupresi\u00f3n con aceite, tambi\u00e9n conocido como masaje relajante, es una t\u00e9cnica tradicional asi\u00e1tica.","og_url":"https:\/\/liangxin.es\/index.php\/product\/masaje-chino-con-aceite\/","og_site_name":"Liang Xin","article_modified_time":"2025-12-01T07:14:29+00:00","twitter_card":"summary_large_image","twitter_misc":{"Tiempo de lectura":"2 minutos"},"schema":{"@context":"https:\/\/schema.org","@graph":[{"@type":"WebPage","@id":"https:\/\/liangxin.es\/index.php\/product\/masaje-chino-con-aceite\/","url":"https:\/\/liangxin.es\/index.php\/product\/masaje-chino-con-aceite\/","name":"Masaje chino y acupresi\u00f3n con aceite - Liang Xin","isPartOf":{"@id":"https:\/\/liangxin.es\/#website"},"datePublished":"2023-10-17T08:31:22+00:00","dateModified":"2025-12-01T07:14:29+00:00","description":"El masaje de acupresi\u00f3n con aceite, tambi\u00e9n conocido como masaje relajante, es una t\u00e9cnica tradicional asi\u00e1tica.","breadcrumb":{"@id":"https:\/\/liangxin.es\/index.php\/product\/masaje-chino-con-aceite\/#breadcrumb"},"inLanguage":"es","potentialAction":[{"@type":"ReadAction","target":["https:\/\/liangxin.es\/index.php\/product\/masaje-chino-con-aceite\/"]}]},{"@type":"BreadcrumbList","@id":"https:\/\/liangxin.es\/index.php\/product\/masaje-chino-con-aceite\/#breadcrumb","itemListElement":[{"@type":"ListItem","position":1,"name":"Home","item":"https:\/\/liangxin.es\/"},{"@type":"ListItem","position":2,"name":"Liang Xin Home","item":"https:\/\/liangxin.es\/"},{"@type":"ListItem","position":3,"name":"Masaje chino y acupresi\u00f3n con aceite"}]},{"@type":"WebSite","@id":"https:\/\/liangxin.es\/#website","url":"https:\/\/liangxin.es\/","name":"Liang Xin","description":"Liang Xin masajes y tratamientos","publisher":{"@id":"https:\/\/liangxin.es\/#organization"},"alternateName":"Liang Xin","potentialAction":[{"@type":"SearchAction","target":{"@type":"EntryPoint","urlTemplate":"https:\/\/liangxin.es\/?s={search_term_string}"},"query-input":{"@type":"PropertyValueSpecification","valueRequired":true,"valueName":"search_term_string"}}],"inLanguage":"es"},{"@type":"Organization","@id":"https:\/\/liangxin.es\/#organization","name":"Liang Xin","url":"https:\/\/liangxin.es\/","logo":{"@type":"ImageObject","inLanguage":"es","@id":"https:\/\/liangxin.es\/#\/schema\/logo\/image\/","url":"https:\/\/liangxin.es\/wp-content\/uploads\/2023\/09\/cropped-LiangXing_logo.png","contentUrl":"https:\/\/liangxin.es\/wp-content\/uploads\/2023\/09\/cropped-LiangXing_logo.png","width":512,"height":512,"caption":"Liang Xin"},"image":{"@id":"https:\/\/liangxin.es\/#\/schema\/logo\/image\/"}}]}},"_links":{"self":[{"href":"https:\/\/liangxin.es\/index.php\/wp-json\/wp\/v2\/product\/1417","targetHints":{"allow":["GET"]}}],"collection":[{"href":"https:\/\/liangxin.es\/index.php\/wp-json\/wp\/v2\/product"}],"about":[{"href":"https:\/\/liangxin.es\/index.php\/wp-json\/wp\/v2\/types\/product"}],"wp:attachment":[{"href":"https:\/\/liangxin.es\/index.php\/wp-json\/wp\/v2\/media?parent=1417"}],"wp:term":[{"taxonomy":"product_brand","embeddable":true,"href":"https:\/\/liangxin.es\/index.php\/wp-json\/wp\/v2\/product_brand?post=1417"},{"taxonomy":"product_cat","embeddable":true,"href":"https:\/\/liangxin.es\/index.php\/wp-json\/wp\/v2\/product_cat?post=1417"},{"taxonomy":"product_tag","embeddable":true,"href":"https:\/\/liangxin.es\/index.php\/wp-json\/wp\/v2\/product_tag?post=1417"},{"taxonomy":"giftcard-category","embeddable":true,"href":"https:\/\/liangxin.es\/index.php\/wp-json\/wp\/v2\/giftcard-category?post=1417"}],"curies":[{"name":"wp","href":"https:\/\/api.w.org\/{rel}","templated":true}]}}