{"id":15909,"date":"2025-12-03T13:20:23","date_gmt":"2025-12-03T12:20:23","guid":{"rendered":"https:\/\/liangxin.es\/?post_type=product&#038;p=15909"},"modified":"2025-12-15T13:15:32","modified_gmt":"2025-12-15T12:15:32","slug":"duo-de-binestar","status":"publish","type":"product","link":"https:\/\/liangxin.es\/index.php\/product\/duo-de-binestar\/","title":{"rendered":"D\u00fao de bienestar"},"content":{"rendered":"<p>[et_pb_section fb_built=\u00bb1&#8243; _builder_version=\u00bb4.21.0&#8243; background_color=\u00bbRGBA(255,255,255,0)\u00bb transform_scale=\u00bb100%|100%\u00bb width=\u00bb90%\u00bb module_alignment=\u00bbcenter\u00bb custom_padding=\u00bb0px||||false|false\u00bb border_color_all=\u00bbRGBA(255,255,255,0)\u00bb global_colors_info=\u00bb{}\u00bb][et_pb_row _builder_version=\u00bb4.16&#8243; background_size=\u00bbinitial\u00bb background_position=\u00bbtop_left\u00bb background_repeat=\u00bbrepeat\u00bb width=\u00bb100%\u00bb custom_padding=\u00bb0px||0px||false|false\u00bb global_colors_info=\u00bb{}\u00bb][et_pb_column type=\u00bb4_4&#8243; _builder_version=\u00bb4.16&#8243; custom_padding=\u00bb|||\u00bb global_colors_info=\u00bb{}\u00bb custom_padding__hover=\u00bb|||\u00bb][et_pb_wc_breadcrumb _builder_version=\u00bb4.21.0&#8243; body_text_color=\u00bbgcid-408fdfa7-763c-4691-9fc3-657e57a2e0b8&#8243; body_font_size=\u00bb1em\u00bb global_colors_info=\u00bb{%22gcid-408fdfa7-763c-4691-9fc3-657e57a2e0b8%22:%91%22body_text_color%22%93}\u00bb][\/et_pb_wc_breadcrumb][et_pb_wc_cart_notice _builder_version=\u00bb4.21.0&#8243; title_text_color=\u00bbgcid-84dacd09-7f21-46c8-863a-e1fced2e54a3&#8243; background_color=\u00bbRGBA(255,255,255,0)\u00bb custom_button=\u00bbon\u00bb button_text_color=\u00bbgcid-84dacd09-7f21-46c8-863a-e1fced2e54a3&#8243; button_bg_color=\u00bbgcid-4633b59a-f8da-4d27-9f24-692b2cce2214&#8243; button_border_width=\u00bb0.1em\u00bb button_border_color=\u00bbgcid-22587e86-034d-4ead-b174-6fed638f7581&#8243; button_border_radius=\u00bb0px\u00bb global_colors_info=\u00bb{%22gcid-84dacd09-7f21-46c8-863a-e1fced2e54a3%22:%91%22title_text_color%22,%22button_text_color%22%93,%22gcid-4633b59a-f8da-4d27-9f24-692b2cce2214%22:%91%22button_bg_color%22%93,%22gcid-22587e86-034d-4ead-b174-6fed638f7581%22:%91%22button_border_color%22%93}\u00bb][\/et_pb_wc_cart_notice][\/et_pb_column][\/et_pb_row][et_pb_row column_structure=\u00bb1_2,1_2&#8243; _builder_version=\u00bb4.16&#8243; background_size=\u00bbinitial\u00bb background_position=\u00bbtop_left\u00bb background_repeat=\u00bbrepeat\u00bb width=\u00bb100%\u00bb custom_padding=\u00bb0px||||false|false\u00bb global_colors_info=\u00bb{}\u00bb][et_pb_column type=\u00bb1_2&#8243; _builder_version=\u00bb4.16&#8243; custom_padding=\u00bb|||\u00bb global_colors_info=\u00bb{}\u00bb custom_padding__hover=\u00bb|||\u00bb][et_pb_wc_images _builder_version=\u00bb4.16&#8243; global_colors_info=\u00bb{}\u00bb][\/et_pb_wc_images][\/et_pb_column][et_pb_column type=\u00bb1_2&#8243; _builder_version=\u00bb4.16&#8243; custom_padding=\u00bb|||\u00bb global_colors_info=\u00bb{}\u00bb custom_padding__hover=\u00bb|||\u00bb][et_pb_wc_title _builder_version=\u00bb4.27.4&#8243; global_colors_info=\u00bb{}\u00bb][\/et_pb_wc_title][et_pb_wc_rating _builder_version=\u00bb4.27.4&#8243; rating_text_color=\u00bbgcid-22587e86-034d-4ead-b174-6fed638f7581&#8243; body_text_color=\u00bbgcid-84dacd09-7f21-46c8-863a-e1fced2e54a3&#8243; global_colors_info=\u00bb{%22gcid-84dacd09-7f21-46c8-863a-e1fced2e54a3%22:%91%22body_text_color%22%93,%22gcid-22587e86-034d-4ead-b174-6fed638f7581%22:%91%22rating_text_color%22%93}\u00bb][\/et_pb_wc_rating][et_pb_wc_price _builder_version=\u00bb4.27.2&#8243; body_text_color=\u00bbgcid-408fdfa7-763c-4691-9fc3-657e57a2e0b8&#8243; global_colors_info=\u00bb{%22gcid-408fdfa7-763c-4691-9fc3-657e57a2e0b8%22:%91%22body_text_color%22%93}\u00bb][\/et_pb_wc_price][et_pb_wc_description _builder_version=\u00bb4.21.0&#8243; body_line_height=\u00bb1.5em\u00bb global_colors_info=\u00bb{}\u00bb][\/et_pb_wc_description][et_pb_wc_add_to_cart _builder_version=\u00bb4.21.0&#8243; custom_button=\u00bbon\u00bb button_text_color=\u00bbgcid-84dacd09-7f21-46c8-863a-e1fced2e54a3&#8243; button_bg_color=\u00bbgcid-4633b59a-f8da-4d27-9f24-692b2cce2214&#8243; button_border_width=\u00bb0.1em\u00bb button_border_color=\u00bbgcid-22587e86-034d-4ead-b174-6fed638f7581&#8243; global_colors_info=\u00bb{%22gcid-22587e86-034d-4ead-b174-6fed638f7581%22:%91%22button_border_color%22%93,%22gcid-4633b59a-f8da-4d27-9f24-692b2cce2214%22:%91%22button_bg_color%22%93,%22gcid-84dacd09-7f21-46c8-863a-e1fced2e54a3%22:%91%22button_text_color%22%93}\u00bb][\/et_pb_wc_add_to_cart][et_pb_text _builder_version=\u00bb4.27.4&#8243; _module_preset=\u00bbdefault\u00bb global_colors_info=\u00bb{}\u00bb]<em>Solo para productos con la opci\u00f3n \u201cpara regalar\u201d: si la persona a la que vas a hacer el obsequio no tiene correo electr\u00f3nico puedes poner el tuyo. Y si quieres que preparemos una tarjeta regalo puedes solicitarla en el tel\u00e9fono 976 248 315 indicando el c\u00f3digo asignado y canjearla en las instalaciones de Liang Xin.\u00a0<\/em>[\/et_pb_text][\/et_pb_column][\/et_pb_row][et_pb_row _builder_version=\u00bb4.21.0&#8243; background_size=\u00bbinitial\u00bb background_position=\u00bbtop_left\u00bb background_repeat=\u00bbrepeat\u00bb width=\u00bb100%\u00bb border_color_all=\u00bbRGBA(255,255,255,0)\u00bb global_colors_info=\u00bb{}\u00bb][et_pb_column type=\u00bb4_4&#8243; _builder_version=\u00bb4.21.0&#8243; custom_padding=\u00bb|||\u00bb border_color_all=\u00bbRGBA(255,255,255,0)\u00bb global_colors_info=\u00bb{}\u00bb custom_padding__hover=\u00bb|||\u00bb][et_pb_wc_tabs include_tabs=\u00bb|reviews\u00bb _builder_version=\u00bb4.21.0&#8243; body_text_color=\u00bbgcid-84dacd09-7f21-46c8-863a-e1fced2e54a3&#8243; body_font_size=\u00bb1em\u00bb border_width_all=\u00bb0px\u00bb border_color_all=\u00bbRGBA(255,255,255,0)\u00bb global_colors_info=\u00bb{%22gcid-84dacd09-7f21-46c8-863a-e1fced2e54a3%22:%91%22body_text_color%22%93}\u00bb] [\/et_pb_wc_tabs][et_pb_wc_upsells _builder_version=\u00bb4.16&#8243; global_colors_info=\u00bb{}\u00bb][\/et_pb_wc_upsells][\/et_pb_column][\/et_pb_row][\/et_pb_section]<\/p>\n","protected":false},"excerpt":{"rendered":"<p><strong>80 minutos. Para dos, en sala privada<\/strong><\/p>\n<ul>\n<li>Ba\u00f1o de pies con agua aromatizada con aceite esencial y exfoliaci\u00f3n de pies.<\/li>\n<li>Masaje con piedras calientes para calentar la espalda<\/li>\n<li>Masaje corporal a elegir entre tradicional Chino, Balin\u00e9s o Tailand\u00e9s aplicado con aceite esencial de rosa calentado<\/li>\n<li>Masaje relajante de cr\u00e1neo y facial arom\u00e1tico<\/li>\n<li>Relax final con toalla caliente en el cuello<\/li>\n<li>Despedida con una infusi\u00f3n y un dulce<\/li>\n<\/ul>\n","protected":false},"featured_media":16024,"template":"","meta":{"_et_pb_use_builder":"on","_et_pb_old_content":"<strong>80 minutos. Para \u00e9l o para ella<\/strong>\r\n<ul>\r\n \t<li>Ba\u00f1o de pies con agua aromatizada con aceite esencial y exfoliaci\u00f3n de pies.<\/li>\r\n \t<li>Masaje con piedras calientes para calentar la espalda<\/li>\r\n \t<li>Masaje corporal entero + reflexolog\u00eda podal<\/li>\r\n \t<li>Toallas caliente para acabar en los pies<\/li>\r\n \t<li>Despedida con una infusi\u00f3n y un dulce<\/li>\r\n \t<li>Toallas caliente para acabar en los pies<\/li>\r\n \t<li>Finaliza con una infusi\u00f3n y un dulce<\/li>\r\n<\/ul>","_et_gb_content_width":""},"product_brand":[],"product_cat":[54],"product_tag":[],"giftcard-category":[],"class_list":{"0":"post-15909","1":"product","2":"type-product","3":"status-publish","4":"has-post-thumbnail","6":"product_cat-navidad-25","8":"first","9":"instock","10":"taxable","11":"shipping-taxable","12":"purchasable","13":"product-type-simple"},"yoast_head":"<!-- This site is optimized with the Yoast SEO plugin v27.4 - https:\/\/yoast.com\/product\/yoast-seo-wordpress\/ -->\n<title>D\u00fao Bienestar \u2013 Regalo para Dos<\/title>\n<meta name=\"description\" content=\"Masaje en pareja con aromaterapia. 80 min de calma compartida.\" \/>\n<meta name=\"robots\" content=\"index, follow, max-snippet:-1, max-image-preview:large, max-video-preview:-1\" \/>\n<link rel=\"canonical\" href=\"https:\/\/liangxin.es\/index.php\/product\/duo-de-binestar\/\" \/>\n<meta property=\"og:locale\" content=\"es_ES\" \/>\n<meta property=\"og:type\" content=\"article\" \/>\n<meta property=\"og:title\" content=\"D\u00fao Bienestar \u2013 Regalo para Dos\" \/>\n<meta property=\"og:description\" content=\"Masaje en pareja con aromaterapia. 80 min de calma compartida.\" \/>\n<meta property=\"og:url\" content=\"https:\/\/liangxin.es\/index.php\/product\/duo-de-binestar\/\" \/>\n<meta property=\"og:site_name\" content=\"Liang Xin\" \/>\n<meta property=\"article:modified_time\" content=\"2025-12-15T12:15:32+00:00\" \/>\n<meta property=\"og:image\" content=\"https:\/\/liangxin.es\/wp-content\/uploads\/2025\/12\/Packs-Navidadfoto-producto-web-duo-de-bienestar.webp\" \/>\n\t<meta property=\"og:image:width\" content=\"1081\" \/>\n\t<meta property=\"og:image:height\" content=\"1081\" \/>\n\t<meta property=\"og:image:type\" content=\"image\/webp\" \/>\n<meta name=\"twitter:card\" content=\"summary_large_image\" \/>\n<meta name=\"twitter:label1\" content=\"Tiempo de lectura\" \/>\n\t<meta name=\"twitter:data1\" content=\"2 minutos\" \/>\n<script type=\"application\/ld+json\" class=\"yoast-schema-graph\">{\"@context\":\"https:\\\/\\\/schema.org\",\"@graph\":[{\"@type\":\"WebPage\",\"@id\":\"https:\\\/\\\/liangxin.es\\\/index.php\\\/product\\\/duo-de-binestar\\\/\",\"url\":\"https:\\\/\\\/liangxin.es\\\/index.php\\\/product\\\/duo-de-binestar\\\/\",\"name\":\"D\u00fao Bienestar \u2013 Regalo para Dos\",\"isPartOf\":{\"@id\":\"https:\\\/\\\/liangxin.es\\\/#website\"},\"primaryImageOfPage\":{\"@id\":\"https:\\\/\\\/liangxin.es\\\/index.php\\\/product\\\/duo-de-binestar\\\/#primaryimage\"},\"image\":{\"@id\":\"https:\\\/\\\/liangxin.es\\\/index.php\\\/product\\\/duo-de-binestar\\\/#primaryimage\"},\"thumbnailUrl\":\"https:\\\/\\\/liangxin.es\\\/wp-content\\\/uploads\\\/2025\\\/12\\\/Packs-Navidadfoto-producto-web-duo-de-bienestar.webp\",\"datePublished\":\"2025-12-03T12:20:23+00:00\",\"dateModified\":\"2025-12-15T12:15:32+00:00\",\"description\":\"Masaje en pareja con aromaterapia. 80 min de calma compartida.\",\"breadcrumb\":{\"@id\":\"https:\\\/\\\/liangxin.es\\\/index.php\\\/product\\\/duo-de-binestar\\\/#breadcrumb\"},\"inLanguage\":\"es\",\"potentialAction\":[{\"@type\":\"ReadAction\",\"target\":[\"https:\\\/\\\/liangxin.es\\\/index.php\\\/product\\\/duo-de-binestar\\\/\"]}]},{\"@type\":\"ImageObject\",\"inLanguage\":\"es\",\"@id\":\"https:\\\/\\\/liangxin.es\\\/index.php\\\/product\\\/duo-de-binestar\\\/#primaryimage\",\"url\":\"https:\\\/\\\/liangxin.es\\\/wp-content\\\/uploads\\\/2025\\\/12\\\/Packs-Navidadfoto-producto-web-duo-de-bienestar.webp\",\"contentUrl\":\"https:\\\/\\\/liangxin.es\\\/wp-content\\\/uploads\\\/2025\\\/12\\\/Packs-Navidadfoto-producto-web-duo-de-bienestar.webp\",\"width\":1081,\"height\":1081},{\"@type\":\"BreadcrumbList\",\"@id\":\"https:\\\/\\\/liangxin.es\\\/index.php\\\/product\\\/duo-de-binestar\\\/#breadcrumb\",\"itemListElement\":[{\"@type\":\"ListItem\",\"position\":1,\"name\":\"Home\",\"item\":\"https:\\\/\\\/liangxin.es\\\/\"},{\"@type\":\"ListItem\",\"position\":2,\"name\":\"Liang Xin Home\",\"item\":\"https:\\\/\\\/liangxin.es\\\/\"},{\"@type\":\"ListItem\",\"position\":3,\"name\":\"D\u00fao de bienestar\"}]},{\"@type\":\"WebSite\",\"@id\":\"https:\\\/\\\/liangxin.es\\\/#website\",\"url\":\"https:\\\/\\\/liangxin.es\\\/\",\"name\":\"Liang Xin\",\"description\":\"Liang Xin masajes y tratamientos\",\"publisher\":{\"@id\":\"https:\\\/\\\/liangxin.es\\\/#organization\"},\"alternateName\":\"Liang Xin\",\"potentialAction\":[{\"@type\":\"SearchAction\",\"target\":{\"@type\":\"EntryPoint\",\"urlTemplate\":\"https:\\\/\\\/liangxin.es\\\/?s={search_term_string}\"},\"query-input\":{\"@type\":\"PropertyValueSpecification\",\"valueRequired\":true,\"valueName\":\"search_term_string\"}}],\"inLanguage\":\"es\"},{\"@type\":\"Organization\",\"@id\":\"https:\\\/\\\/liangxin.es\\\/#organization\",\"name\":\"Liang Xin\",\"url\":\"https:\\\/\\\/liangxin.es\\\/\",\"logo\":{\"@type\":\"ImageObject\",\"inLanguage\":\"es\",\"@id\":\"https:\\\/\\\/liangxin.es\\\/#\\\/schema\\\/logo\\\/image\\\/\",\"url\":\"https:\\\/\\\/liangxin.es\\\/wp-content\\\/uploads\\\/2023\\\/09\\\/cropped-LiangXing_logo.png\",\"contentUrl\":\"https:\\\/\\\/liangxin.es\\\/wp-content\\\/uploads\\\/2023\\\/09\\\/cropped-LiangXing_logo.png\",\"width\":512,\"height\":512,\"caption\":\"Liang Xin\"},\"image\":{\"@id\":\"https:\\\/\\\/liangxin.es\\\/#\\\/schema\\\/logo\\\/image\\\/\"}}]}<\/script>\n<!-- \/ Yoast SEO plugin. -->","yoast_head_json":{"title":"D\u00fao Bienestar \u2013 Regalo para Dos","description":"Masaje en pareja con aromaterapia. 80 min de calma compartida.","robots":{"index":"index","follow":"follow","max-snippet":"max-snippet:-1","max-image-preview":"max-image-preview:large","max-video-preview":"max-video-preview:-1"},"canonical":"https:\/\/liangxin.es\/index.php\/product\/duo-de-binestar\/","og_locale":"es_ES","og_type":"article","og_title":"D\u00fao Bienestar \u2013 Regalo para Dos","og_description":"Masaje en pareja con aromaterapia. 80 min de calma compartida.","og_url":"https:\/\/liangxin.es\/index.php\/product\/duo-de-binestar\/","og_site_name":"Liang Xin","article_modified_time":"2025-12-15T12:15:32+00:00","og_image":[{"width":1081,"height":1081,"url":"https:\/\/liangxin.es\/wp-content\/uploads\/2025\/12\/Packs-Navidadfoto-producto-web-duo-de-bienestar.webp","type":"image\/webp"}],"twitter_card":"summary_large_image","twitter_misc":{"Tiempo de lectura":"2 minutos"},"schema":{"@context":"https:\/\/schema.org","@graph":[{"@type":"WebPage","@id":"https:\/\/liangxin.es\/index.php\/product\/duo-de-binestar\/","url":"https:\/\/liangxin.es\/index.php\/product\/duo-de-binestar\/","name":"D\u00fao Bienestar \u2013 Regalo para Dos","isPartOf":{"@id":"https:\/\/liangxin.es\/#website"},"primaryImageOfPage":{"@id":"https:\/\/liangxin.es\/index.php\/product\/duo-de-binestar\/#primaryimage"},"image":{"@id":"https:\/\/liangxin.es\/index.php\/product\/duo-de-binestar\/#primaryimage"},"thumbnailUrl":"https:\/\/liangxin.es\/wp-content\/uploads\/2025\/12\/Packs-Navidadfoto-producto-web-duo-de-bienestar.webp","datePublished":"2025-12-03T12:20:23+00:00","dateModified":"2025-12-15T12:15:32+00:00","description":"Masaje en pareja con aromaterapia. 80 min de calma compartida.","breadcrumb":{"@id":"https:\/\/liangxin.es\/index.php\/product\/duo-de-binestar\/#breadcrumb"},"inLanguage":"es","potentialAction":[{"@type":"ReadAction","target":["https:\/\/liangxin.es\/index.php\/product\/duo-de-binestar\/"]}]},{"@type":"ImageObject","inLanguage":"es","@id":"https:\/\/liangxin.es\/index.php\/product\/duo-de-binestar\/#primaryimage","url":"https:\/\/liangxin.es\/wp-content\/uploads\/2025\/12\/Packs-Navidadfoto-producto-web-duo-de-bienestar.webp","contentUrl":"https:\/\/liangxin.es\/wp-content\/uploads\/2025\/12\/Packs-Navidadfoto-producto-web-duo-de-bienestar.webp","width":1081,"height":1081},{"@type":"BreadcrumbList","@id":"https:\/\/liangxin.es\/index.php\/product\/duo-de-binestar\/#breadcrumb","itemListElement":[{"@type":"ListItem","position":1,"name":"Home","item":"https:\/\/liangxin.es\/"},{"@type":"ListItem","position":2,"name":"Liang Xin Home","item":"https:\/\/liangxin.es\/"},{"@type":"ListItem","position":3,"name":"D\u00fao de bienestar"}]},{"@type":"WebSite","@id":"https:\/\/liangxin.es\/#website","url":"https:\/\/liangxin.es\/","name":"Liang Xin","description":"Liang Xin masajes y tratamientos","publisher":{"@id":"https:\/\/liangxin.es\/#organization"},"alternateName":"Liang Xin","potentialAction":[{"@type":"SearchAction","target":{"@type":"EntryPoint","urlTemplate":"https:\/\/liangxin.es\/?s={search_term_string}"},"query-input":{"@type":"PropertyValueSpecification","valueRequired":true,"valueName":"search_term_string"}}],"inLanguage":"es"},{"@type":"Organization","@id":"https:\/\/liangxin.es\/#organization","name":"Liang Xin","url":"https:\/\/liangxin.es\/","logo":{"@type":"ImageObject","inLanguage":"es","@id":"https:\/\/liangxin.es\/#\/schema\/logo\/image\/","url":"https:\/\/liangxin.es\/wp-content\/uploads\/2023\/09\/cropped-LiangXing_logo.png","contentUrl":"https:\/\/liangxin.es\/wp-content\/uploads\/2023\/09\/cropped-LiangXing_logo.png","width":512,"height":512,"caption":"Liang Xin"},"image":{"@id":"https:\/\/liangxin.es\/#\/schema\/logo\/image\/"}}]}},"_links":{"self":[{"href":"https:\/\/liangxin.es\/index.php\/wp-json\/wp\/v2\/product\/15909","targetHints":{"allow":["GET"]}}],"collection":[{"href":"https:\/\/liangxin.es\/index.php\/wp-json\/wp\/v2\/product"}],"about":[{"href":"https:\/\/liangxin.es\/index.php\/wp-json\/wp\/v2\/types\/product"}],"wp:featuredmedia":[{"embeddable":true,"href":"https:\/\/liangxin.es\/index.php\/wp-json\/wp\/v2\/media\/16024"}],"wp:attachment":[{"href":"https:\/\/liangxin.es\/index.php\/wp-json\/wp\/v2\/media?parent=15909"}],"wp:term":[{"taxonomy":"product_brand","embeddable":true,"href":"https:\/\/liangxin.es\/index.php\/wp-json\/wp\/v2\/product_brand?post=15909"},{"taxonomy":"product_cat","embeddable":true,"href":"https:\/\/liangxin.es\/index.php\/wp-json\/wp\/v2\/product_cat?post=15909"},{"taxonomy":"product_tag","embeddable":true,"href":"https:\/\/liangxin.es\/index.php\/wp-json\/wp\/v2\/product_tag?post=15909"},{"taxonomy":"giftcard-category","embeddable":true,"href":"https:\/\/liangxin.es\/index.php\/wp-json\/wp\/v2\/giftcard-category?post=15909"}],"curies":[{"name":"wp","href":"https:\/\/api.w.org\/{rel}","templated":true}]}}