{"id":913,"date":"2023-09-25T11:34:36","date_gmt":"2023-09-25T11:34:36","guid":{"rendered":"https:\/\/liangxin.es\/?post_type=product&#038;p=913"},"modified":"2025-12-01T08:14:30","modified_gmt":"2025-12-01T07:14:30","slug":"reflexologia-podal","status":"publish","type":"product","link":"https:\/\/liangxin.es\/index.php\/product\/reflexologia-podal\/","title":{"rendered":"Reflexolog\u00eda podal"},"content":{"rendered":"<p>[et_pb_section fb_built=\u00bb1&#8243; _builder_version=\u00bb4.21.0&#8243; background_color=\u00bbRGBA(255,255,255,0)\u00bb transform_scale=\u00bb100%|100%\u00bb width=\u00bb90%\u00bb module_alignment=\u00bbcenter\u00bb custom_padding=\u00bb0px||||false|false\u00bb border_color_all=\u00bbRGBA(255,255,255,0)\u00bb global_colors_info=\u00bb{}\u00bb][et_pb_row _builder_version=\u00bb4.16&#8243; background_size=\u00bbinitial\u00bb background_position=\u00bbtop_left\u00bb background_repeat=\u00bbrepeat\u00bb width=\u00bb100%\u00bb custom_padding=\u00bb0px||0px||false|false\u00bb global_colors_info=\u00bb{}\u00bb][et_pb_column type=\u00bb4_4&#8243; _builder_version=\u00bb4.16&#8243; custom_padding=\u00bb|||\u00bb global_colors_info=\u00bb{}\u00bb custom_padding__hover=\u00bb|||\u00bb][et_pb_wc_breadcrumb _builder_version=\u00bb4.21.0&#8243; body_text_color=\u00bbgcid-408fdfa7-763c-4691-9fc3-657e57a2e0b8&#8243; body_font_size=\u00bb1em\u00bb global_colors_info=\u00bb{%22gcid-408fdfa7-763c-4691-9fc3-657e57a2e0b8%22:%91%22body_text_color%22%93}\u00bb][\/et_pb_wc_breadcrumb][et_pb_wc_cart_notice _builder_version=\u00bb4.21.0&#8243; title_text_color=\u00bbgcid-84dacd09-7f21-46c8-863a-e1fced2e54a3&#8243; background_color=\u00bbRGBA(255,255,255,0)\u00bb custom_button=\u00bbon\u00bb button_text_color=\u00bbgcid-84dacd09-7f21-46c8-863a-e1fced2e54a3&#8243; button_bg_color=\u00bbgcid-4633b59a-f8da-4d27-9f24-692b2cce2214&#8243; button_border_width=\u00bb0.1em\u00bb button_border_color=\u00bbgcid-22587e86-034d-4ead-b174-6fed638f7581&#8243; button_border_radius=\u00bb0px\u00bb global_colors_info=\u00bb{%22gcid-84dacd09-7f21-46c8-863a-e1fced2e54a3%22:%91%22title_text_color%22,%22button_text_color%22%93,%22gcid-4633b59a-f8da-4d27-9f24-692b2cce2214%22:%91%22button_bg_color%22%93,%22gcid-22587e86-034d-4ead-b174-6fed638f7581%22:%91%22button_border_color%22%93}\u00bb][\/et_pb_wc_cart_notice][\/et_pb_column][\/et_pb_row][et_pb_row column_structure=\u00bb1_2,1_2&#8243; _builder_version=\u00bb4.16&#8243; background_size=\u00bbinitial\u00bb background_position=\u00bbtop_left\u00bb background_repeat=\u00bbrepeat\u00bb width=\u00bb100%\u00bb custom_padding=\u00bb0px||||false|false\u00bb global_colors_info=\u00bb{}\u00bb][et_pb_column type=\u00bb1_2&#8243; _builder_version=\u00bb4.16&#8243; custom_padding=\u00bb|||\u00bb global_colors_info=\u00bb{}\u00bb custom_padding__hover=\u00bb|||\u00bb][et_pb_wc_images _builder_version=\u00bb4.16&#8243; global_colors_info=\u00bb{}\u00bb][\/et_pb_wc_images][\/et_pb_column][et_pb_column type=\u00bb1_2&#8243; _builder_version=\u00bb4.16&#8243; custom_padding=\u00bb|||\u00bb global_colors_info=\u00bb{}\u00bb custom_padding__hover=\u00bb|||\u00bb][et_pb_wc_title _builder_version=\u00bb4.16&#8243; global_colors_info=\u00bb{}\u00bb][\/et_pb_wc_title][et_pb_wc_rating _builder_version=\u00bb4.21.0&#8243; rating_text_color=\u00bbgcid-22587e86-034d-4ead-b174-6fed638f7581&#8243; body_text_color=\u00bbgcid-84dacd09-7f21-46c8-863a-e1fced2e54a3&#8243; global_colors_info=\u00bb{%22gcid-84dacd09-7f21-46c8-863a-e1fced2e54a3%22:%91%22body_text_color%22%93,%22gcid-22587e86-034d-4ead-b174-6fed638f7581%22:%91%22rating_text_color%22%93}\u00bb][\/et_pb_wc_rating][et_pb_wc_price _builder_version=\u00bb4.21.0&#8243; body_text_color=\u00bbgcid-408fdfa7-763c-4691-9fc3-657e57a2e0b8&#8243; global_colors_info=\u00bb{%22gcid-408fdfa7-763c-4691-9fc3-657e57a2e0b8%22:%91%22body_text_color%22%93}\u00bb][\/et_pb_wc_price][et_pb_wc_description _builder_version=\u00bb4.21.0&#8243; body_line_height=\u00bb1.5em\u00bb global_colors_info=\u00bb{}\u00bb][\/et_pb_wc_description][et_pb_wc_add_to_cart _builder_version=\u00bb4.21.0&#8243; custom_button=\u00bbon\u00bb button_text_color=\u00bbgcid-84dacd09-7f21-46c8-863a-e1fced2e54a3&#8243; button_bg_color=\u00bbgcid-4633b59a-f8da-4d27-9f24-692b2cce2214&#8243; button_border_width=\u00bb0.1em\u00bb button_border_color=\u00bbgcid-22587e86-034d-4ead-b174-6fed638f7581&#8243; global_colors_info=\u00bb{%22gcid-22587e86-034d-4ead-b174-6fed638f7581%22:%91%22button_border_color%22%93,%22gcid-4633b59a-f8da-4d27-9f24-692b2cce2214%22:%91%22button_bg_color%22%93,%22gcid-84dacd09-7f21-46c8-863a-e1fced2e54a3%22:%91%22button_text_color%22%93}\u00bb][\/et_pb_wc_add_to_cart][et_pb_text _builder_version=\u00bb4.27.4&#8243; _module_preset=\u00bbdefault\u00bb global_colors_info=\u00bb{}\u00bb]<\/p>\n<p><em>Solo para productos con la opci\u00f3n \u201cpara regalar\u201d: si la persona a la que vas a hacer el obsequio no tiene correo electr\u00f3nico puedes poner el tuyo. Y si quieres que preparemos una tarjeta regalo puedes solicitarla en el tel\u00e9fono 976 248 315 indicando el c\u00f3digo asignado y canjearla en las instalaciones de Liang Xin.\u00a0<\/em><\/p>\n<p>[\/et_pb_text][\/et_pb_column][\/et_pb_row][et_pb_row _builder_version=\u00bb4.21.0&#8243; background_size=\u00bbinitial\u00bb background_position=\u00bbtop_left\u00bb background_repeat=\u00bbrepeat\u00bb width=\u00bb100%\u00bb border_color_all=\u00bbRGBA(255,255,255,0)\u00bb global_colors_info=\u00bb{}\u00bb][et_pb_column type=\u00bb4_4&#8243; _builder_version=\u00bb4.21.0&#8243; custom_padding=\u00bb|||\u00bb border_color_all=\u00bbRGBA(255,255,255,0)\u00bb global_colors_info=\u00bb{}\u00bb custom_padding__hover=\u00bb|||\u00bb][et_pb_wc_tabs include_tabs=\u00bb|reviews\u00bb _builder_version=\u00bb4.21.0&#8243; body_text_color=\u00bbgcid-84dacd09-7f21-46c8-863a-e1fced2e54a3&#8243; body_font_size=\u00bb1em\u00bb border_width_all=\u00bb0px\u00bb border_color_all=\u00bbRGBA(255,255,255,0)\u00bb global_colors_info=\u00bb{%22gcid-84dacd09-7f21-46c8-863a-e1fced2e54a3%22:%91%22body_text_color%22%93}\u00bb]\t\t\t\t\t[\/et_pb_wc_tabs][et_pb_wc_upsells _builder_version=\u00bb4.16&#8243; global_colors_info=\u00bb{}\u00bb][\/et_pb_wc_upsells][\/et_pb_column][\/et_pb_row][\/et_pb_section]<\/p>\n","protected":false},"excerpt":{"rendered":"<p>La reflexolog\u00eda podal es una <strong>t\u00e9cnica ancestral<\/strong>\u00a0que se basa en la realizaci\u00f3n de\u00a0<strong>masajes profundos en puntos y zonas espec\u00edficas de los pies.<\/strong>\u00a0Los pies conectan directamente con muchas partes de nuestro organismo. Por ello, masajeando determinadas zonas, se refleja de forma indirecta en los puntos vitales de nuestro cuerpo. Con esta pr\u00e1ctica oriental,\u00a0<strong>se consigue un gran poder relajante que ayuda a reducir el estr\u00e9s y a mejorar el estado general del cuerpo.<\/strong>\u00a0Este es uno de los masajes m\u00e1s apreciados de Liang Xin.<\/p>\n","protected":false},"featured_media":920,"template":"","meta":{"_et_pb_use_builder":"on","_et_pb_old_content":"La reflexolog\u00eda podal es una\u00a0<strong>t\u00e9cnica ancestral<\/strong>\u00a0que se basa en la realizaci\u00f3n de\u00a0<strong>masajes profundos en puntos y zonas espec\u00edficas de los pies.<\/strong>\u00a0Los pies conectan directamente con muchas partes de nuestro organismo. Por ello, masajeando determinadas zonas, se refleja de forma indirecta en los puntos vitales de nuestro cuerpo. Con esta pr\u00e1ctica oriental,\u00a0<strong>se consigue un gran poder relajante que ayuda a reducir el estr\u00e9s y a mejorar el estado general del cuerpo.<\/strong>\u00a0Este es uno de los masajes m\u00e1s apreciados de Liang Xin.","_et_gb_content_width":""},"product_brand":[],"product_cat":[23],"product_tag":[],"giftcard-category":[],"class_list":{"0":"post-913","1":"product","2":"type-product","3":"status-publish","4":"has-post-thumbnail","6":"product_cat-masajes","8":"first","9":"instock","10":"taxable","11":"shipping-taxable","12":"purchasable","13":"product-type-variable"},"yoast_head":"<!-- This site is optimized with the Yoast SEO plugin v27.4 - https:\/\/yoast.com\/product\/yoast-seo-wordpress\/ -->\n<title>Reflexolog\u00eda podal - Liang Xin masajes podal reflexolog\u00eda<\/title>\n<meta name=\"description\" content=\"La reflexolog\u00eda podal es una t\u00e9cnica ancestral que se basa en la realizaci\u00f3n de masajes profundos en puntos y zonas espec\u00edficas de los pies.\" \/>\n<meta name=\"robots\" content=\"index, follow, max-snippet:-1, max-image-preview:large, max-video-preview:-1\" \/>\n<link rel=\"canonical\" href=\"https:\/\/liangxin.es\/index.php\/product\/reflexologia-podal\/\" \/>\n<meta property=\"og:locale\" content=\"es_ES\" \/>\n<meta property=\"og:type\" content=\"article\" \/>\n<meta property=\"og:title\" content=\"Reflexolog\u00eda podal - Liang Xin masajes podal reflexolog\u00eda\" \/>\n<meta property=\"og:description\" content=\"La reflexolog\u00eda podal es una t\u00e9cnica ancestral que se basa en la realizaci\u00f3n de masajes profundos en puntos y zonas espec\u00edficas de los pies.\" \/>\n<meta property=\"og:url\" content=\"https:\/\/liangxin.es\/index.php\/product\/reflexologia-podal\/\" \/>\n<meta property=\"og:site_name\" content=\"Liang Xin\" \/>\n<meta property=\"article:modified_time\" content=\"2025-12-01T07:14:30+00:00\" \/>\n<meta property=\"og:image\" content=\"https:\/\/liangxin.es\/wp-content\/uploads\/2023\/09\/reflexologia-podal-scaled.jpg\" \/>\n\t<meta property=\"og:image:width\" content=\"1440\" \/>\n\t<meta property=\"og:image:height\" content=\"1080\" \/>\n\t<meta property=\"og:image:type\" content=\"image\/jpeg\" \/>\n<meta name=\"twitter:card\" content=\"summary_large_image\" \/>\n<meta name=\"twitter:label1\" content=\"Tiempo de lectura\" \/>\n\t<meta name=\"twitter:data1\" content=\"2 minutos\" \/>\n<script type=\"application\/ld+json\" class=\"yoast-schema-graph\">{\"@context\":\"https:\\\/\\\/schema.org\",\"@graph\":[{\"@type\":\"WebPage\",\"@id\":\"https:\\\/\\\/liangxin.es\\\/index.php\\\/product\\\/reflexologia-podal\\\/\",\"url\":\"https:\\\/\\\/liangxin.es\\\/index.php\\\/product\\\/reflexologia-podal\\\/\",\"name\":\"Reflexolog\u00eda podal - Liang Xin masajes podal reflexolog\u00eda\",\"isPartOf\":{\"@id\":\"https:\\\/\\\/liangxin.es\\\/#website\"},\"primaryImageOfPage\":{\"@id\":\"https:\\\/\\\/liangxin.es\\\/index.php\\\/product\\\/reflexologia-podal\\\/#primaryimage\"},\"image\":{\"@id\":\"https:\\\/\\\/liangxin.es\\\/index.php\\\/product\\\/reflexologia-podal\\\/#primaryimage\"},\"thumbnailUrl\":\"https:\\\/\\\/liangxin.es\\\/wp-content\\\/uploads\\\/2023\\\/09\\\/reflexologia-podal-scaled.jpg\",\"datePublished\":\"2023-09-25T11:34:36+00:00\",\"dateModified\":\"2025-12-01T07:14:30+00:00\",\"description\":\"La reflexolog\u00eda podal es una t\u00e9cnica ancestral que se basa en la realizaci\u00f3n de masajes profundos en puntos y zonas espec\u00edficas de los pies.\",\"breadcrumb\":{\"@id\":\"https:\\\/\\\/liangxin.es\\\/index.php\\\/product\\\/reflexologia-podal\\\/#breadcrumb\"},\"inLanguage\":\"es\",\"potentialAction\":[{\"@type\":\"ReadAction\",\"target\":[\"https:\\\/\\\/liangxin.es\\\/index.php\\\/product\\\/reflexologia-podal\\\/\"]}]},{\"@type\":\"ImageObject\",\"inLanguage\":\"es\",\"@id\":\"https:\\\/\\\/liangxin.es\\\/index.php\\\/product\\\/reflexologia-podal\\\/#primaryimage\",\"url\":\"https:\\\/\\\/liangxin.es\\\/wp-content\\\/uploads\\\/2023\\\/09\\\/reflexologia-podal-scaled.jpg\",\"contentUrl\":\"https:\\\/\\\/liangxin.es\\\/wp-content\\\/uploads\\\/2023\\\/09\\\/reflexologia-podal-scaled.jpg\",\"width\":1440,\"height\":1080,\"caption\":\"OLYMPUS DIGITAL CAMERA\"},{\"@type\":\"BreadcrumbList\",\"@id\":\"https:\\\/\\\/liangxin.es\\\/index.php\\\/product\\\/reflexologia-podal\\\/#breadcrumb\",\"itemListElement\":[{\"@type\":\"ListItem\",\"position\":1,\"name\":\"Home\",\"item\":\"https:\\\/\\\/liangxin.es\\\/\"},{\"@type\":\"ListItem\",\"position\":2,\"name\":\"Liang Xin Home\",\"item\":\"https:\\\/\\\/liangxin.es\\\/\"},{\"@type\":\"ListItem\",\"position\":3,\"name\":\"Reflexolog\u00eda podal\"}]},{\"@type\":\"WebSite\",\"@id\":\"https:\\\/\\\/liangxin.es\\\/#website\",\"url\":\"https:\\\/\\\/liangxin.es\\\/\",\"name\":\"Liang Xin\",\"description\":\"Liang Xin masajes y tratamientos\",\"publisher\":{\"@id\":\"https:\\\/\\\/liangxin.es\\\/#organization\"},\"alternateName\":\"Liang Xin\",\"potentialAction\":[{\"@type\":\"SearchAction\",\"target\":{\"@type\":\"EntryPoint\",\"urlTemplate\":\"https:\\\/\\\/liangxin.es\\\/?s={search_term_string}\"},\"query-input\":{\"@type\":\"PropertyValueSpecification\",\"valueRequired\":true,\"valueName\":\"search_term_string\"}}],\"inLanguage\":\"es\"},{\"@type\":\"Organization\",\"@id\":\"https:\\\/\\\/liangxin.es\\\/#organization\",\"name\":\"Liang Xin\",\"url\":\"https:\\\/\\\/liangxin.es\\\/\",\"logo\":{\"@type\":\"ImageObject\",\"inLanguage\":\"es\",\"@id\":\"https:\\\/\\\/liangxin.es\\\/#\\\/schema\\\/logo\\\/image\\\/\",\"url\":\"https:\\\/\\\/liangxin.es\\\/wp-content\\\/uploads\\\/2023\\\/09\\\/cropped-LiangXing_logo.png\",\"contentUrl\":\"https:\\\/\\\/liangxin.es\\\/wp-content\\\/uploads\\\/2023\\\/09\\\/cropped-LiangXing_logo.png\",\"width\":512,\"height\":512,\"caption\":\"Liang Xin\"},\"image\":{\"@id\":\"https:\\\/\\\/liangxin.es\\\/#\\\/schema\\\/logo\\\/image\\\/\"}}]}<\/script>\n<!-- \/ Yoast SEO plugin. -->","yoast_head_json":{"title":"Reflexolog\u00eda podal - Liang Xin masajes podal reflexolog\u00eda","description":"La reflexolog\u00eda podal es una t\u00e9cnica ancestral que se basa en la realizaci\u00f3n de masajes profundos en puntos y zonas espec\u00edficas de los pies.","robots":{"index":"index","follow":"follow","max-snippet":"max-snippet:-1","max-image-preview":"max-image-preview:large","max-video-preview":"max-video-preview:-1"},"canonical":"https:\/\/liangxin.es\/index.php\/product\/reflexologia-podal\/","og_locale":"es_ES","og_type":"article","og_title":"Reflexolog\u00eda podal - Liang Xin masajes podal reflexolog\u00eda","og_description":"La reflexolog\u00eda podal es una t\u00e9cnica ancestral que se basa en la realizaci\u00f3n de masajes profundos en puntos y zonas espec\u00edficas de los pies.","og_url":"https:\/\/liangxin.es\/index.php\/product\/reflexologia-podal\/","og_site_name":"Liang Xin","article_modified_time":"2025-12-01T07:14:30+00:00","og_image":[{"width":1440,"height":1080,"url":"https:\/\/liangxin.es\/wp-content\/uploads\/2023\/09\/reflexologia-podal-scaled.jpg","type":"image\/jpeg"}],"twitter_card":"summary_large_image","twitter_misc":{"Tiempo de lectura":"2 minutos"},"schema":{"@context":"https:\/\/schema.org","@graph":[{"@type":"WebPage","@id":"https:\/\/liangxin.es\/index.php\/product\/reflexologia-podal\/","url":"https:\/\/liangxin.es\/index.php\/product\/reflexologia-podal\/","name":"Reflexolog\u00eda podal - Liang Xin masajes podal reflexolog\u00eda","isPartOf":{"@id":"https:\/\/liangxin.es\/#website"},"primaryImageOfPage":{"@id":"https:\/\/liangxin.es\/index.php\/product\/reflexologia-podal\/#primaryimage"},"image":{"@id":"https:\/\/liangxin.es\/index.php\/product\/reflexologia-podal\/#primaryimage"},"thumbnailUrl":"https:\/\/liangxin.es\/wp-content\/uploads\/2023\/09\/reflexologia-podal-scaled.jpg","datePublished":"2023-09-25T11:34:36+00:00","dateModified":"2025-12-01T07:14:30+00:00","description":"La reflexolog\u00eda podal es una t\u00e9cnica ancestral que se basa en la realizaci\u00f3n de masajes profundos en puntos y zonas espec\u00edficas de los pies.","breadcrumb":{"@id":"https:\/\/liangxin.es\/index.php\/product\/reflexologia-podal\/#breadcrumb"},"inLanguage":"es","potentialAction":[{"@type":"ReadAction","target":["https:\/\/liangxin.es\/index.php\/product\/reflexologia-podal\/"]}]},{"@type":"ImageObject","inLanguage":"es","@id":"https:\/\/liangxin.es\/index.php\/product\/reflexologia-podal\/#primaryimage","url":"https:\/\/liangxin.es\/wp-content\/uploads\/2023\/09\/reflexologia-podal-scaled.jpg","contentUrl":"https:\/\/liangxin.es\/wp-content\/uploads\/2023\/09\/reflexologia-podal-scaled.jpg","width":1440,"height":1080,"caption":"OLYMPUS DIGITAL CAMERA"},{"@type":"BreadcrumbList","@id":"https:\/\/liangxin.es\/index.php\/product\/reflexologia-podal\/#breadcrumb","itemListElement":[{"@type":"ListItem","position":1,"name":"Home","item":"https:\/\/liangxin.es\/"},{"@type":"ListItem","position":2,"name":"Liang Xin Home","item":"https:\/\/liangxin.es\/"},{"@type":"ListItem","position":3,"name":"Reflexolog\u00eda podal"}]},{"@type":"WebSite","@id":"https:\/\/liangxin.es\/#website","url":"https:\/\/liangxin.es\/","name":"Liang Xin","description":"Liang Xin masajes y tratamientos","publisher":{"@id":"https:\/\/liangxin.es\/#organization"},"alternateName":"Liang Xin","potentialAction":[{"@type":"SearchAction","target":{"@type":"EntryPoint","urlTemplate":"https:\/\/liangxin.es\/?s={search_term_string}"},"query-input":{"@type":"PropertyValueSpecification","valueRequired":true,"valueName":"search_term_string"}}],"inLanguage":"es"},{"@type":"Organization","@id":"https:\/\/liangxin.es\/#organization","name":"Liang Xin","url":"https:\/\/liangxin.es\/","logo":{"@type":"ImageObject","inLanguage":"es","@id":"https:\/\/liangxin.es\/#\/schema\/logo\/image\/","url":"https:\/\/liangxin.es\/wp-content\/uploads\/2023\/09\/cropped-LiangXing_logo.png","contentUrl":"https:\/\/liangxin.es\/wp-content\/uploads\/2023\/09\/cropped-LiangXing_logo.png","width":512,"height":512,"caption":"Liang Xin"},"image":{"@id":"https:\/\/liangxin.es\/#\/schema\/logo\/image\/"}}]}},"_links":{"self":[{"href":"https:\/\/liangxin.es\/index.php\/wp-json\/wp\/v2\/product\/913","targetHints":{"allow":["GET"]}}],"collection":[{"href":"https:\/\/liangxin.es\/index.php\/wp-json\/wp\/v2\/product"}],"about":[{"href":"https:\/\/liangxin.es\/index.php\/wp-json\/wp\/v2\/types\/product"}],"wp:featuredmedia":[{"embeddable":true,"href":"https:\/\/liangxin.es\/index.php\/wp-json\/wp\/v2\/media\/920"}],"wp:attachment":[{"href":"https:\/\/liangxin.es\/index.php\/wp-json\/wp\/v2\/media?parent=913"}],"wp:term":[{"taxonomy":"product_brand","embeddable":true,"href":"https:\/\/liangxin.es\/index.php\/wp-json\/wp\/v2\/product_brand?post=913"},{"taxonomy":"product_cat","embeddable":true,"href":"https:\/\/liangxin.es\/index.php\/wp-json\/wp\/v2\/product_cat?post=913"},{"taxonomy":"product_tag","embeddable":true,"href":"https:\/\/liangxin.es\/index.php\/wp-json\/wp\/v2\/product_tag?post=913"},{"taxonomy":"giftcard-category","embeddable":true,"href":"https:\/\/liangxin.es\/index.php\/wp-json\/wp\/v2\/giftcard-category?post=913"}],"curies":[{"name":"wp","href":"https:\/\/api.w.org\/{rel}","templated":true}]}}