{"id":956,"date":"2023-09-26T10:03:54","date_gmt":"2023-09-26T10:03:54","guid":{"rendered":"https:\/\/liangxin.es\/?post_type=product&#038;p=956"},"modified":"2026-03-06T09:53:46","modified_gmt":"2026-03-06T08:53:46","slug":"pack-luna-de-miel","status":"publish","type":"product","link":"https:\/\/liangxin.es\/index.php\/product\/pack-luna-de-miel\/","title":{"rendered":"Pack luna de miel"},"content":{"rendered":"<p>[et_pb_section fb_built=\u00bb1&#8243; _builder_version=\u00bb4.21.0&#8243; background_color=\u00bbRGBA(255,255,255,0)\u00bb transform_scale=\u00bb100%|100%\u00bb width=\u00bb90%\u00bb module_alignment=\u00bbcenter\u00bb custom_padding=\u00bb0px||||false|false\u00bb border_color_all=\u00bbRGBA(255,255,255,0)\u00bb global_colors_info=\u00bb{}\u00bb][et_pb_row _builder_version=\u00bb4.16&#8243; background_size=\u00bbinitial\u00bb background_position=\u00bbtop_left\u00bb background_repeat=\u00bbrepeat\u00bb width=\u00bb100%\u00bb custom_padding=\u00bb0px||0px||false|false\u00bb global_colors_info=\u00bb{}\u00bb][et_pb_column type=\u00bb4_4&#8243; _builder_version=\u00bb4.16&#8243; custom_padding=\u00bb|||\u00bb global_colors_info=\u00bb{}\u00bb custom_padding__hover=\u00bb|||\u00bb][et_pb_wc_breadcrumb _builder_version=\u00bb4.21.0&#8243; body_text_color=\u00bbgcid-408fdfa7-763c-4691-9fc3-657e57a2e0b8&#8243; body_font_size=\u00bb1em\u00bb global_colors_info=\u00bb{%22gcid-408fdfa7-763c-4691-9fc3-657e57a2e0b8%22:%91%22body_text_color%22%93}\u00bb][\/et_pb_wc_breadcrumb][et_pb_wc_cart_notice _builder_version=\u00bb4.21.0&#8243; title_text_color=\u00bbgcid-84dacd09-7f21-46c8-863a-e1fced2e54a3&#8243; background_color=\u00bbRGBA(255,255,255,0)\u00bb custom_button=\u00bbon\u00bb button_text_color=\u00bbgcid-84dacd09-7f21-46c8-863a-e1fced2e54a3&#8243; button_bg_color=\u00bbgcid-4633b59a-f8da-4d27-9f24-692b2cce2214&#8243; button_border_width=\u00bb0.1em\u00bb button_border_color=\u00bbgcid-22587e86-034d-4ead-b174-6fed638f7581&#8243; button_border_radius=\u00bb0px\u00bb global_colors_info=\u00bb{%22gcid-84dacd09-7f21-46c8-863a-e1fced2e54a3%22:%91%22title_text_color%22,%22button_text_color%22%93,%22gcid-4633b59a-f8da-4d27-9f24-692b2cce2214%22:%91%22button_bg_color%22%93,%22gcid-22587e86-034d-4ead-b174-6fed638f7581%22:%91%22button_border_color%22%93}\u00bb][\/et_pb_wc_cart_notice][\/et_pb_column][\/et_pb_row][et_pb_row column_structure=\u00bb1_2,1_2&#8243; _builder_version=\u00bb4.16&#8243; background_size=\u00bbinitial\u00bb background_position=\u00bbtop_left\u00bb background_repeat=\u00bbrepeat\u00bb width=\u00bb100%\u00bb custom_padding=\u00bb0px||||false|false\u00bb global_colors_info=\u00bb{}\u00bb][et_pb_column type=\u00bb1_2&#8243; _builder_version=\u00bb4.16&#8243; custom_padding=\u00bb|||\u00bb global_colors_info=\u00bb{}\u00bb custom_padding__hover=\u00bb|||\u00bb][et_pb_wc_images _builder_version=\u00bb4.16&#8243; global_colors_info=\u00bb{}\u00bb][\/et_pb_wc_images][\/et_pb_column][et_pb_column type=\u00bb1_2&#8243; _builder_version=\u00bb4.16&#8243; custom_padding=\u00bb|||\u00bb global_colors_info=\u00bb{}\u00bb custom_padding__hover=\u00bb|||\u00bb][et_pb_wc_title _builder_version=\u00bb4.16&#8243; global_colors_info=\u00bb{}\u00bb][\/et_pb_wc_title][et_pb_wc_rating _builder_version=\u00bb4.21.0&#8243; rating_text_color=\u00bbgcid-22587e86-034d-4ead-b174-6fed638f7581&#8243; body_text_color=\u00bbgcid-84dacd09-7f21-46c8-863a-e1fced2e54a3&#8243; global_colors_info=\u00bb{%22gcid-84dacd09-7f21-46c8-863a-e1fced2e54a3%22:%91%22body_text_color%22%93,%22gcid-22587e86-034d-4ead-b174-6fed638f7581%22:%91%22rating_text_color%22%93}\u00bb][\/et_pb_wc_rating][et_pb_wc_price _builder_version=\u00bb4.27.5&#8243; body_text_color=\u00bbgcid-408fdfa7-763c-4691-9fc3-657e57a2e0b8&#8243; hover_enabled=\u00bb0&#8243; global_colors_info=\u00bb{%22gcid-408fdfa7-763c-4691-9fc3-657e57a2e0b8%22:%91%22body_text_color%22%93}\u00bb sticky_enabled=\u00bb0&#8243;][\/et_pb_wc_price][et_pb_wc_description _builder_version=\u00bb4.21.0&#8243; body_line_height=\u00bb1.5em\u00bb global_colors_info=\u00bb{}\u00bb][\/et_pb_wc_description][et_pb_wc_add_to_cart _builder_version=\u00bb4.21.0&#8243; custom_button=\u00bbon\u00bb button_text_color=\u00bbgcid-84dacd09-7f21-46c8-863a-e1fced2e54a3&#8243; button_bg_color=\u00bbgcid-4633b59a-f8da-4d27-9f24-692b2cce2214&#8243; button_border_width=\u00bb0.1em\u00bb button_border_color=\u00bbgcid-22587e86-034d-4ead-b174-6fed638f7581&#8243; global_colors_info=\u00bb{%22gcid-22587e86-034d-4ead-b174-6fed638f7581%22:%91%22button_border_color%22%93,%22gcid-4633b59a-f8da-4d27-9f24-692b2cce2214%22:%91%22button_bg_color%22%93,%22gcid-84dacd09-7f21-46c8-863a-e1fced2e54a3%22:%91%22button_text_color%22%93}\u00bb][\/et_pb_wc_add_to_cart][et_pb_text _builder_version=\u00bb4.21.0&#8243; _module_preset=\u00bbdefault\u00bb global_colors_info=\u00bb{}\u00bb]<\/p>\n<p><em>Solo para productos con la opci\u00f3n \u201cpara regalar\u201d: si la persona a la que vas a hacer el obsequio no tiene correo electr\u00f3nico puedes poner el tuyo. Y si quieres que preparemos una tarjeta regalo puedes solicitarla en el tel\u00e9fono 976 248 315 indicando el c\u00f3digo asignado y canjearla en las instalaciones de Liang Xin.\u00a0<\/em><\/p>\n<p><em>El pack \u00abluna de miel\u00bb se presenta en caja regalo, por lo que es necesario llamar al mismo n\u00famero telef\u00f3nico para solicitar su preparaci\u00f3n.\u00a0<\/em><\/p>\n<p>[\/et_pb_text][\/et_pb_column][\/et_pb_row][et_pb_row _builder_version=\u00bb4.21.0&#8243; background_size=\u00bbinitial\u00bb background_position=\u00bbtop_left\u00bb background_repeat=\u00bbrepeat\u00bb width=\u00bb100%\u00bb border_color_all=\u00bbRGBA(255,255,255,0)\u00bb global_colors_info=\u00bb{}\u00bb][et_pb_column type=\u00bb4_4&#8243; _builder_version=\u00bb4.21.0&#8243; custom_padding=\u00bb|||\u00bb border_color_all=\u00bbRGBA(255,255,255,0)\u00bb global_colors_info=\u00bb{}\u00bb custom_padding__hover=\u00bb|||\u00bb][et_pb_wc_tabs include_tabs=\u00bb|reviews\u00bb _builder_version=\u00bb4.21.0&#8243; body_text_color=\u00bbgcid-84dacd09-7f21-46c8-863a-e1fced2e54a3&#8243; body_font_size=\u00bb1em\u00bb border_width_all=\u00bb0px\u00bb border_color_all=\u00bbRGBA(255,255,255,0)\u00bb global_colors_info=\u00bb{%22gcid-84dacd09-7f21-46c8-863a-e1fced2e54a3%22:%91%22body_text_color%22%93}\u00bb]\t\t\t\t\t[\/et_pb_wc_tabs][et_pb_wc_upsells _builder_version=\u00bb4.16&#8243; global_colors_info=\u00bb{}\u00bb][\/et_pb_wc_upsells][\/et_pb_column][\/et_pb_row][\/et_pb_section]<\/p>\n","protected":false},"excerpt":{"rendered":"<p>La organizaci\u00f3n y celebraci\u00f3n de una boda engloba muchas emociones y estr\u00e9s. Por eso, si tienes que hacer un regalo de boda pr\u00f3ximamente, esta es una gran opci\u00f3n que seguro que a los novios les encantar\u00e1.<\/p>\n<p>Un pack que les transportar\u00e1 al lejano oriente, desde el momento en que entren en Liang Xin gracias al ambiente que proporciona la decoraci\u00f3n, el aroma y la m\u00fasica.<\/p>\n<p>Y el viaje contin\u00faa:<\/p>\n<ul>\n<li>Proporcionaremos a los novios pijamas y zapatillas para que reciban un relajante\u00a0<strong>lavado de pies con exfoliaci\u00f3n.<\/strong><\/li>\n<li>Posteriormente pasar\u00e1n a una sala privada ambientada con velas para disfrutar durante\u00a0<strong>60 minutos<\/strong>\u00a0de uno de nuestros\u00a0<strong>masajes<\/strong>\u00a0m\u00e1s apreciados en Liang Xin, a elegir entre\u00a0<strong>balin\u00e9s con aceite esencial o tailand\u00e9s<\/strong>.<\/li>\n<li>A continuaci\u00f3n, podr\u00e1n elegir entre un<strong>\u00a0tratamiento facial con mascarilla\u00a0<\/strong>espec\u00edfica seg\u00fan tipo de piel,\u00a0<strong>o reflexolog\u00eda podal<\/strong>, ambos con\u00a0<strong>40 minutos<\/strong>\u00a0de duraci\u00f3n.<\/li>\n<li>Tras el masaje llegar\u00e1 un momento extra de calma en el que vivir\u00e1n una\u00a0<strong>experiencia sonora relajante<\/strong>, mientras reciben un\u00a0<strong>tratamiento calmante de ojos<\/strong>\u00a0con antifaz de lavanda y una\u00a0<strong>toalla caliente<\/strong>\u00a0en el cuello.<\/li>\n<li>La experiencia finalizar\u00e1 con el toque dulce de\u00a0<strong>trufas y cava.<\/strong><\/li>\n<\/ul>\n<p>Un super regalo de boda perfecto para antes o despu\u00e9s del enlace.<\/p>\n<p>Haz tu compra ahora y ll\u00e1manos con el n\u00famero de pedido para que comencemos a preparar el regalo.<\/p>\n<p>Existe la opci\u00f3n de personalizar la caja con los nombres de la pareja, fecha o alg\u00fan mensaje por 6 \u20ac adicionales.<\/p>\n","protected":false},"featured_media":15105,"template":"","meta":{"_et_pb_use_builder":"on","_et_pb_old_content":"La organizaci\u00f3n y celebraci\u00f3n de una boda engloba muchas emociones y estr\u00e9s. Por eso, si tienes que hacer un regalo de boda pr\u00f3ximamente, esta es una gran opci\u00f3n que seguro que a los novios les encantar\u00e1.\r\n\r\nUn pack que les transportar\u00e1 al lejano oriente, desde el momento en que entren en Liang Xin gracias al ambiente que proporciona la decoraci\u00f3n, el aroma y la m\u00fasica.\r\n\r\nY el viaje contin\u00faa:\r\n<ul>\r\n \t<li>Proporcionaremos a los novios pijamas y zapatillas para que reciban un relajante\u00a0<strong>lavado de pies con exfoliaci\u00f3n.<\/strong><\/li>\r\n \t<li>Posteriormente pasar\u00e1n a una sala privada ambientada con velas para disfrutar durante\u00a0<strong>60 minutos<\/strong>\u00a0de uno de nuestros\u00a0<strong>masajes<\/strong>\u00a0m\u00e1s apreciados en Liang Xin, a elegir entre\u00a0<strong>balin\u00e9s con aceite esencial o tailand\u00e9s<\/strong>.<\/li>\r\n \t<li>A continuaci\u00f3n, podr\u00e1n elegir entre un<strong>\u00a0tratamiento facial con mascarilla\u00a0<\/strong>espec\u00edfica seg\u00fan tipo de piel,\u00a0<strong>o reflexolog\u00eda podal<\/strong>, ambos con\u00a0<strong>40 minutos<\/strong>\u00a0de duraci\u00f3n.<\/li>\r\n \t<li>Tras el masaje llegar\u00e1 un momento extra de calma en el que vivir\u00e1n una\u00a0<strong>experiencia sonora relajante<\/strong>, mientras reciben un\u00a0<strong>tratamiento calmante de ojos<\/strong>\u00a0con antifaz de lavanda y una\u00a0<strong>toalla caliente<\/strong>\u00a0en el cuello.<\/li>\r\n \t<li>La experiencia finalizar\u00e1 con el toque dulce de\u00a0<strong>trufas y cava.<\/strong><\/li>\r\n<\/ul>\r\nUn super regalo de boda perfecto para antes o despu\u00e9s del enlace.\r\n\r\nHaz tu compra ahora y ll\u00e1manos con el n\u00famero de pedido para que comencemos a preparar el regalo.\r\n\r\nExiste la opci\u00f3n de personalizar la caja con los nombres de la pareja, fecha o alg\u00fan mensaje por 6 \u20ac adicionales.","_et_gb_content_width":""},"product_brand":[],"product_cat":[29],"product_tag":[],"giftcard-category":[],"class_list":{"0":"post-956","1":"product","2":"type-product","3":"status-publish","4":"has-post-thumbnail","6":"product_cat-generosidad","8":"first","9":"instock","10":"taxable","11":"shipping-taxable","12":"purchasable","13":"product-type-variable"},"yoast_head":"<!-- This site is optimized with the Yoast SEO plugin v27.4 - https:\/\/yoast.com\/product\/yoast-seo-wordpress\/ -->\n<title>Pack luna de miel - Liang Xin<\/title>\n<meta name=\"description\" content=\"Un pack de luna de miel que les transportar\u00e1 al lejano oriente, desde el momento en que entren en Liang Xin gracias al ambiente que proporciona la decoraci\u00f3n, el aroma y la m\u00fasica.\" \/>\n<meta name=\"robots\" content=\"index, follow, max-snippet:-1, max-image-preview:large, max-video-preview:-1\" \/>\n<link rel=\"canonical\" href=\"https:\/\/liangxin.es\/index.php\/product\/pack-luna-de-miel\/\" \/>\n<meta property=\"og:locale\" content=\"es_ES\" \/>\n<meta property=\"og:type\" content=\"article\" \/>\n<meta property=\"og:title\" content=\"Pack luna de miel - Liang Xin\" \/>\n<meta property=\"og:description\" content=\"Un pack de luna de miel que les transportar\u00e1 al lejano oriente, desde el momento en que entren en Liang Xin gracias al ambiente que proporciona la decoraci\u00f3n, el aroma y la m\u00fasica.\" \/>\n<meta property=\"og:url\" content=\"https:\/\/liangxin.es\/index.php\/product\/pack-luna-de-miel\/\" \/>\n<meta property=\"og:site_name\" content=\"Liang Xin\" \/>\n<meta property=\"article:modified_time\" content=\"2026-03-06T08:53:46+00:00\" \/>\n<meta property=\"og:image\" content=\"https:\/\/liangxin.es\/wp-content\/uploads\/2025\/09\/pack-lun-de-miel.jpg\" \/>\n\t<meta property=\"og:image:width\" content=\"1080\" \/>\n\t<meta property=\"og:image:height\" content=\"1080\" \/>\n\t<meta property=\"og:image:type\" content=\"image\/jpeg\" \/>\n<meta name=\"twitter:card\" content=\"summary_large_image\" \/>\n<meta name=\"twitter:label1\" content=\"Tiempo de lectura\" \/>\n\t<meta name=\"twitter:data1\" content=\"2 minutos\" \/>\n<script type=\"application\/ld+json\" class=\"yoast-schema-graph\">{\"@context\":\"https:\\\/\\\/schema.org\",\"@graph\":[{\"@type\":\"WebPage\",\"@id\":\"https:\\\/\\\/liangxin.es\\\/index.php\\\/product\\\/pack-luna-de-miel\\\/\",\"url\":\"https:\\\/\\\/liangxin.es\\\/index.php\\\/product\\\/pack-luna-de-miel\\\/\",\"name\":\"Pack luna de miel - Liang Xin\",\"isPartOf\":{\"@id\":\"https:\\\/\\\/liangxin.es\\\/#website\"},\"primaryImageOfPage\":{\"@id\":\"https:\\\/\\\/liangxin.es\\\/index.php\\\/product\\\/pack-luna-de-miel\\\/#primaryimage\"},\"image\":{\"@id\":\"https:\\\/\\\/liangxin.es\\\/index.php\\\/product\\\/pack-luna-de-miel\\\/#primaryimage\"},\"thumbnailUrl\":\"https:\\\/\\\/liangxin.es\\\/wp-content\\\/uploads\\\/2025\\\/09\\\/pack-lun-de-miel.jpg\",\"datePublished\":\"2023-09-26T10:03:54+00:00\",\"dateModified\":\"2026-03-06T08:53:46+00:00\",\"description\":\"Un pack de luna de miel que les transportar\u00e1 al lejano oriente, desde el momento en que entren en Liang Xin gracias al ambiente que proporciona la decoraci\u00f3n, el aroma y la m\u00fasica.\",\"breadcrumb\":{\"@id\":\"https:\\\/\\\/liangxin.es\\\/index.php\\\/product\\\/pack-luna-de-miel\\\/#breadcrumb\"},\"inLanguage\":\"es\",\"potentialAction\":[{\"@type\":\"ReadAction\",\"target\":[\"https:\\\/\\\/liangxin.es\\\/index.php\\\/product\\\/pack-luna-de-miel\\\/\"]}]},{\"@type\":\"ImageObject\",\"inLanguage\":\"es\",\"@id\":\"https:\\\/\\\/liangxin.es\\\/index.php\\\/product\\\/pack-luna-de-miel\\\/#primaryimage\",\"url\":\"https:\\\/\\\/liangxin.es\\\/wp-content\\\/uploads\\\/2025\\\/09\\\/pack-lun-de-miel.jpg\",\"contentUrl\":\"https:\\\/\\\/liangxin.es\\\/wp-content\\\/uploads\\\/2025\\\/09\\\/pack-lun-de-miel.jpg\",\"width\":1080,\"height\":1080,\"caption\":\"pack-luna-de-miel-masaje\"},{\"@type\":\"BreadcrumbList\",\"@id\":\"https:\\\/\\\/liangxin.es\\\/index.php\\\/product\\\/pack-luna-de-miel\\\/#breadcrumb\",\"itemListElement\":[{\"@type\":\"ListItem\",\"position\":1,\"name\":\"Home\",\"item\":\"https:\\\/\\\/liangxin.es\\\/\"},{\"@type\":\"ListItem\",\"position\":2,\"name\":\"Liang Xin Home\",\"item\":\"https:\\\/\\\/liangxin.es\\\/\"},{\"@type\":\"ListItem\",\"position\":3,\"name\":\"Pack luna de miel\"}]},{\"@type\":\"WebSite\",\"@id\":\"https:\\\/\\\/liangxin.es\\\/#website\",\"url\":\"https:\\\/\\\/liangxin.es\\\/\",\"name\":\"Liang Xin\",\"description\":\"Liang Xin masajes y tratamientos\",\"publisher\":{\"@id\":\"https:\\\/\\\/liangxin.es\\\/#organization\"},\"alternateName\":\"Liang Xin\",\"potentialAction\":[{\"@type\":\"SearchAction\",\"target\":{\"@type\":\"EntryPoint\",\"urlTemplate\":\"https:\\\/\\\/liangxin.es\\\/?s={search_term_string}\"},\"query-input\":{\"@type\":\"PropertyValueSpecification\",\"valueRequired\":true,\"valueName\":\"search_term_string\"}}],\"inLanguage\":\"es\"},{\"@type\":\"Organization\",\"@id\":\"https:\\\/\\\/liangxin.es\\\/#organization\",\"name\":\"Liang Xin\",\"url\":\"https:\\\/\\\/liangxin.es\\\/\",\"logo\":{\"@type\":\"ImageObject\",\"inLanguage\":\"es\",\"@id\":\"https:\\\/\\\/liangxin.es\\\/#\\\/schema\\\/logo\\\/image\\\/\",\"url\":\"https:\\\/\\\/liangxin.es\\\/wp-content\\\/uploads\\\/2023\\\/09\\\/cropped-LiangXing_logo.png\",\"contentUrl\":\"https:\\\/\\\/liangxin.es\\\/wp-content\\\/uploads\\\/2023\\\/09\\\/cropped-LiangXing_logo.png\",\"width\":512,\"height\":512,\"caption\":\"Liang Xin\"},\"image\":{\"@id\":\"https:\\\/\\\/liangxin.es\\\/#\\\/schema\\\/logo\\\/image\\\/\"}}]}<\/script>\n<!-- \/ Yoast SEO plugin. -->","yoast_head_json":{"title":"Pack luna de miel - Liang Xin","description":"Un pack de luna de miel que les transportar\u00e1 al lejano oriente, desde el momento en que entren en Liang Xin gracias al ambiente que proporciona la decoraci\u00f3n, el aroma y la m\u00fasica.","robots":{"index":"index","follow":"follow","max-snippet":"max-snippet:-1","max-image-preview":"max-image-preview:large","max-video-preview":"max-video-preview:-1"},"canonical":"https:\/\/liangxin.es\/index.php\/product\/pack-luna-de-miel\/","og_locale":"es_ES","og_type":"article","og_title":"Pack luna de miel - Liang Xin","og_description":"Un pack de luna de miel que les transportar\u00e1 al lejano oriente, desde el momento en que entren en Liang Xin gracias al ambiente que proporciona la decoraci\u00f3n, el aroma y la m\u00fasica.","og_url":"https:\/\/liangxin.es\/index.php\/product\/pack-luna-de-miel\/","og_site_name":"Liang Xin","article_modified_time":"2026-03-06T08:53:46+00:00","og_image":[{"width":1080,"height":1080,"url":"https:\/\/liangxin.es\/wp-content\/uploads\/2025\/09\/pack-lun-de-miel.jpg","type":"image\/jpeg"}],"twitter_card":"summary_large_image","twitter_misc":{"Tiempo de lectura":"2 minutos"},"schema":{"@context":"https:\/\/schema.org","@graph":[{"@type":"WebPage","@id":"https:\/\/liangxin.es\/index.php\/product\/pack-luna-de-miel\/","url":"https:\/\/liangxin.es\/index.php\/product\/pack-luna-de-miel\/","name":"Pack luna de miel - Liang Xin","isPartOf":{"@id":"https:\/\/liangxin.es\/#website"},"primaryImageOfPage":{"@id":"https:\/\/liangxin.es\/index.php\/product\/pack-luna-de-miel\/#primaryimage"},"image":{"@id":"https:\/\/liangxin.es\/index.php\/product\/pack-luna-de-miel\/#primaryimage"},"thumbnailUrl":"https:\/\/liangxin.es\/wp-content\/uploads\/2025\/09\/pack-lun-de-miel.jpg","datePublished":"2023-09-26T10:03:54+00:00","dateModified":"2026-03-06T08:53:46+00:00","description":"Un pack de luna de miel que les transportar\u00e1 al lejano oriente, desde el momento en que entren en Liang Xin gracias al ambiente que proporciona la decoraci\u00f3n, el aroma y la m\u00fasica.","breadcrumb":{"@id":"https:\/\/liangxin.es\/index.php\/product\/pack-luna-de-miel\/#breadcrumb"},"inLanguage":"es","potentialAction":[{"@type":"ReadAction","target":["https:\/\/liangxin.es\/index.php\/product\/pack-luna-de-miel\/"]}]},{"@type":"ImageObject","inLanguage":"es","@id":"https:\/\/liangxin.es\/index.php\/product\/pack-luna-de-miel\/#primaryimage","url":"https:\/\/liangxin.es\/wp-content\/uploads\/2025\/09\/pack-lun-de-miel.jpg","contentUrl":"https:\/\/liangxin.es\/wp-content\/uploads\/2025\/09\/pack-lun-de-miel.jpg","width":1080,"height":1080,"caption":"pack-luna-de-miel-masaje"},{"@type":"BreadcrumbList","@id":"https:\/\/liangxin.es\/index.php\/product\/pack-luna-de-miel\/#breadcrumb","itemListElement":[{"@type":"ListItem","position":1,"name":"Home","item":"https:\/\/liangxin.es\/"},{"@type":"ListItem","position":2,"name":"Liang Xin Home","item":"https:\/\/liangxin.es\/"},{"@type":"ListItem","position":3,"name":"Pack luna de miel"}]},{"@type":"WebSite","@id":"https:\/\/liangxin.es\/#website","url":"https:\/\/liangxin.es\/","name":"Liang Xin","description":"Liang Xin masajes y tratamientos","publisher":{"@id":"https:\/\/liangxin.es\/#organization"},"alternateName":"Liang Xin","potentialAction":[{"@type":"SearchAction","target":{"@type":"EntryPoint","urlTemplate":"https:\/\/liangxin.es\/?s={search_term_string}"},"query-input":{"@type":"PropertyValueSpecification","valueRequired":true,"valueName":"search_term_string"}}],"inLanguage":"es"},{"@type":"Organization","@id":"https:\/\/liangxin.es\/#organization","name":"Liang Xin","url":"https:\/\/liangxin.es\/","logo":{"@type":"ImageObject","inLanguage":"es","@id":"https:\/\/liangxin.es\/#\/schema\/logo\/image\/","url":"https:\/\/liangxin.es\/wp-content\/uploads\/2023\/09\/cropped-LiangXing_logo.png","contentUrl":"https:\/\/liangxin.es\/wp-content\/uploads\/2023\/09\/cropped-LiangXing_logo.png","width":512,"height":512,"caption":"Liang Xin"},"image":{"@id":"https:\/\/liangxin.es\/#\/schema\/logo\/image\/"}}]}},"_links":{"self":[{"href":"https:\/\/liangxin.es\/index.php\/wp-json\/wp\/v2\/product\/956","targetHints":{"allow":["GET"]}}],"collection":[{"href":"https:\/\/liangxin.es\/index.php\/wp-json\/wp\/v2\/product"}],"about":[{"href":"https:\/\/liangxin.es\/index.php\/wp-json\/wp\/v2\/types\/product"}],"wp:featuredmedia":[{"embeddable":true,"href":"https:\/\/liangxin.es\/index.php\/wp-json\/wp\/v2\/media\/15105"}],"wp:attachment":[{"href":"https:\/\/liangxin.es\/index.php\/wp-json\/wp\/v2\/media?parent=956"}],"wp:term":[{"taxonomy":"product_brand","embeddable":true,"href":"https:\/\/liangxin.es\/index.php\/wp-json\/wp\/v2\/product_brand?post=956"},{"taxonomy":"product_cat","embeddable":true,"href":"https:\/\/liangxin.es\/index.php\/wp-json\/wp\/v2\/product_cat?post=956"},{"taxonomy":"product_tag","embeddable":true,"href":"https:\/\/liangxin.es\/index.php\/wp-json\/wp\/v2\/product_tag?post=956"},{"taxonomy":"giftcard-category","embeddable":true,"href":"https:\/\/liangxin.es\/index.php\/wp-json\/wp\/v2\/giftcard-category?post=956"}],"curies":[{"name":"wp","href":"https:\/\/api.w.org\/{rel}","templated":true}]}}